{"id":2982,"date":"2025-10-06T16:57:21","date_gmt":"2025-10-06T23:57:21","guid":{"rendered":"https:\/\/fwccamericas.org\/?page_id=2982"},"modified":"2026-04-12T19:55:26","modified_gmt":"2026-04-13T02:55:26","slug":"intervisitacion","status":"publish","type":"page","link":"https:\/\/fwccamericas.org\/es\/intervisitacion","title":{"rendered":"Intervisitaci\u00f3n Cu\u00e1quera | Ministerio itinerante por las Am\u00e9ricas"},"content":{"rendered":"\t\t<div data-elementor-type=\"wp-page\" data-elementor-id=\"2982\" class=\"elementor elementor-2982 elementor-253\">\n\t\t\t\t<div class=\"elementor-element elementor-element-1564192 e-flex e-con-boxed e-con e-parent\" data-id=\"1564192\" data-element_type=\"container\" data-e-type=\"container\">\n\t\t\t\t\t<div class=\"e-con-inner\">\n\t\t<div class=\"elementor-element elementor-element-267b3ce e-con-full e-flex e-con e-child\" data-id=\"267b3ce\" data-element_type=\"container\" data-e-type=\"container\">\n\t\t<div class=\"elementor-element elementor-element-bc776bf e-con-full e-flex e-con e-child\" data-id=\"bc776bf\" data-element_type=\"container\" data-e-type=\"container\">\n\t\t\t\t<div class=\"elementor-element elementor-element-1cf9830 elementor-invisible elementor-widget elementor-widget-heading\" data-id=\"1cf9830\" data-element_type=\"widget\" data-e-type=\"widget\" data-settings=\"{&quot;_animation&quot;:&quot;fadeInLeft&quot;}\" data-widget_type=\"heading.default\">\n\t\t\t\t\t<h1 class=\"elementor-heading-title elementor-size-default\">Intervisitaci\u00f3n<\/h1>\t\t\t\t<\/div>\n\t\t\t\t<\/div>\n\t\t<div class=\"elementor-element elementor-element-3e59d13 e-con-full e-flex e-con e-child\" data-id=\"3e59d13\" data-element_type=\"container\" data-e-type=\"container\">\n\t\t\t\t<div class=\"elementor-element elementor-element-244bd20 elementor-widget elementor-widget-image\" data-id=\"244bd20\" data-element_type=\"widget\" data-e-type=\"widget\" data-widget_type=\"image.default\">\n\t\t\t\t\t\t\t\t\t\t\t\t\t\t\t<img fetchpriority=\"high\" decoding=\"async\" width=\"1024\" height=\"488\" src=\"https:\/\/fwccamericas.org\/wp-content\/uploads\/2025\/10\/TMC-seated-circle-reduced2-1024x488.jpg\" class=\"attachment-large size-large wp-image-1762\" alt=\"A group of Friends sitting and laughing together\" srcset=\"https:\/\/fwccamericas.org\/wp-content\/uploads\/2025\/10\/TMC-seated-circle-reduced2-1024x488.jpg 1024w, https:\/\/fwccamericas.org\/wp-content\/uploads\/2025\/10\/TMC-seated-circle-reduced2-300x143.jpg 300w, https:\/\/fwccamericas.org\/wp-content\/uploads\/2025\/10\/TMC-seated-circle-reduced2-768x366.jpg 768w, https:\/\/fwccamericas.org\/wp-content\/uploads\/2025\/10\/TMC-seated-circle-reduced2.jpg 1440w\" sizes=\"(max-width: 1024px) 100vw, 1024px\" \/>\t\t\t\t\t\t\t\t\t\t\t\t\t\t\t<\/div>\n\t\t\t\t<\/div>\n\t\t\t\t<\/div>\n\t\t<div class=\"elementor-element elementor-element-a9d022a e-con-full e-flex e-con e-child\" data-id=\"a9d022a\" data-element_type=\"container\" data-e-type=\"container\">\n\t\t<div class=\"elementor-element elementor-element-9433a8b e-con-full e-flex e-con e-child\" data-id=\"9433a8b\" data-element_type=\"container\" data-e-type=\"container\">\n\t\t\t\t<div class=\"elementor-element elementor-element-a5d4bec elementor-widget elementor-widget-heading\" data-id=\"a5d4bec\" data-element_type=\"widget\" data-e-type=\"widget\" data-widget_type=\"heading.default\">\n\t\t\t\t\t<h2 class=\"elementor-heading-title elementor-size-default\">La intervisitaci\u00f3n entre Amigos es una pr\u00e1ctica central para el Comit\u00e9 Mundial de Amigos<\/h2>\t\t\t\t<\/div>\n\t\t\t\t<div class=\"elementor-element elementor-element-65dd0ca elementor-widget elementor-widget-text-editor\" data-id=\"65dd0ca\" data-element_type=\"widget\" data-e-type=\"widget\" data-widget_type=\"text-editor.default\">\n\t\t\t\t\t\t\t\t\t<p>Los Amigos Viajeros comparten su propia experiencia espiritual y el sentido de unidad que es posible a trav\u00e9s de las ramas de Amigos. Animan a los Amigos a aprender unos de otros y, luego de consultar y discernir con las comunidades locales, proceden a ministrar a trav\u00e9s de la oraci\u00f3n, el asesoramiento y el aliento pastoral, la educaci\u00f3n religiosa o la paz, la justicia y las preocupaciones ambientales. Los amigos se encuentran \u00abcara a cara y de coraz\u00f3n a coraz\u00f3n\u00bb para compartir tanto lo que los une como lo que los divide en la vida del Esp\u00edritu. El intercambio abierto genera comprensi\u00f3n, respeto, confianza y amor y, con la ayuda de Dios, renueva la conciencia de la familia mundial de Amigos.<\/p>\t\t\t\t\t\t\t\t<\/div>\n\t\t\t\t<\/div>\n\t\t\t\t<\/div>\n\t\t<div class=\"elementor-element elementor-element-8357d9e e-con-full e-flex e-con e-child\" data-id=\"8357d9e\" data-element_type=\"container\" data-e-type=\"container\">\n\t\t<div class=\"elementor-element elementor-element-1a4813f e-con-full e-flex e-con e-child\" data-id=\"1a4813f\" data-element_type=\"container\" data-e-type=\"container\">\n\t\t\t\t<div class=\"elementor-element elementor-element-ee2a4e2 elementor-widget elementor-widget-heading\" data-id=\"ee2a4e2\" data-element_type=\"widget\" data-e-type=\"widget\" data-widget_type=\"heading.default\">\n\t\t\t\t\t<h2 class=\"elementor-heading-title elementor-size-default\">Becas para la intervisitaci\u00f3n<\/h2>\t\t\t\t<\/div>\n\t\t\t\t<div class=\"elementor-element elementor-element-89b12ff elementor-widget elementor-widget-text-editor\" data-id=\"89b12ff\" data-element_type=\"widget\" data-e-type=\"widget\" data-widget_type=\"text-editor.default\">\n\t\t\t\t\t\t\t\t\t<p>La Secci\u00f3n est\u00e1 trabajando para incrementar la intervisitaci\u00f3n, tanto entre los Amigos de Norte y Sur como entre juntas y grupos Amigos de Latinoam\u00e9rica. Existen algunos fondos disponibles para apoyar las visitas, y nos esforzamos para organizar visitas en coordinaci\u00f3n con otros eventos, tales como talleres o reuniones en Latinoam\u00e9rica. En especial, existe el Fondo Susan Bax para apoyar a las Amigas que se sienten guiadas a viajar en el ministerio. Lee las pautas aqu\u00ed para solicitar apoyo de este fondo.<\/p>\t\t\t\t\t\t\t\t<\/div>\n\t\t\t\t<div class=\"elementor-element elementor-element-9bef2eb elementor-align-center elementor-widget elementor-widget-button\" data-id=\"9bef2eb\" data-element_type=\"widget\" data-e-type=\"widget\" data-widget_type=\"button.default\">\n\t\t\t\t\t\t\t\t\t\t<a class=\"elementor-button elementor-button-link elementor-size-sm\" href=\"\/wp-content\/uploads\/2025\/12\/Bax_guidelines_sp.pdf\" target=\"_blank\">\n\t\t\t\t\t\t<span class=\"elementor-button-content-wrapper\">\n\t\t\t\t\t\t\t\t\t<span class=\"elementor-button-text\">Pautas<\/span>\n\t\t\t\t\t<\/span>\n\t\t\t\t\t<\/a>\n\t\t\t\t\t\t\t\t<\/div>\n\t\t\t\t<\/div>\n\t\t<div class=\"elementor-element elementor-element-d4b6731 e-con-full e-flex e-con e-child\" data-id=\"d4b6731\" data-element_type=\"container\" data-e-type=\"container\">\n\t\t\t\t<div class=\"elementor-element elementor-element-0a7d92e elementor-widget elementor-widget-video\" data-id=\"0a7d92e\" data-element_type=\"widget\" data-e-type=\"widget\" data-settings=\"{&quot;youtube_url&quot;:&quot;https:\\\/\\\/youtu.be\\\/1jQK9srrgDs?si=hlFC8Pxi8YjO3oTW&quot;,&quot;video_type&quot;:&quot;youtube&quot;,&quot;controls&quot;:&quot;yes&quot;}\" data-widget_type=\"video.default\">\n\t\t\t\t\t\t\t<div class=\"elementor-wrapper elementor-open-inline\">\n\t\t\t<div class=\"elementor-video\"><\/div>\t\t<\/div>\n\t\t\t\t\t\t<\/div>\n\t\t\t\t<\/div>\n\t\t\t\t<\/div>\n\t\t\t\t\t<\/div>\n\t\t\t\t<\/div>\n\t\t<div class=\"elementor-element elementor-element-8498741 e-flex e-con-boxed e-con e-parent\" data-id=\"8498741\" data-element_type=\"container\" data-e-type=\"container\" data-settings=\"{&quot;background_background&quot;:&quot;classic&quot;}\">\n\t\t\t\t\t<div class=\"e-con-inner\">\n\t\t\t\t<div class=\"elementor-element elementor-element-701e981 elementor-widget elementor-widget-image\" data-id=\"701e981\" data-element_type=\"widget\" data-e-type=\"widget\" data-widget_type=\"image.default\">\n\t\t\t\t\t\t\t\t\t\t\t\t\t\t\t<img decoding=\"async\" width=\"1024\" height=\"4\" src=\"https:\/\/fwccamericas.org\/wp-content\/uploads\/2025\/11\/Divider-Bar-for-Web-5px-1024x4.jpg\" class=\"attachment-large size-large wp-image-2738\" alt=\"Divider Bar\" srcset=\"https:\/\/fwccamericas.org\/wp-content\/uploads\/2025\/11\/Divider-Bar-for-Web-5px-1024x4.jpg 1024w, https:\/\/fwccamericas.org\/wp-content\/uploads\/2025\/11\/Divider-Bar-for-Web-5px-300x1.jpg 300w, https:\/\/fwccamericas.org\/wp-content\/uploads\/2025\/11\/Divider-Bar-for-Web-5px-768x3.jpg 768w, https:\/\/fwccamericas.org\/wp-content\/uploads\/2025\/11\/Divider-Bar-for-Web-5px.jpg 1440w\" sizes=\"(max-width: 1024px) 100vw, 1024px\" \/>\t\t\t\t\t\t\t\t\t\t\t\t\t\t\t<\/div>\n\t\t<div class=\"elementor-element elementor-element-9790294 e-con-full e-flex e-con e-child\" data-id=\"9790294\" data-element_type=\"container\" data-e-type=\"container\">\n\t\t<div class=\"elementor-element elementor-element-3b06ae6 e-con-full e-flex e-con e-child\" data-id=\"3b06ae6\" data-element_type=\"container\" data-e-type=\"container\">\n\t\t\t\t<div class=\"elementor-element elementor-element-8c7740c elementor-widget elementor-widget-heading\" data-id=\"8c7740c\" data-element_type=\"widget\" data-e-type=\"widget\" data-widget_type=\"heading.default\">\n\t\t\t\t\t<h2 class=\"elementor-heading-title elementor-size-default\">Cuerpo de L\u00edderes Viajando en el Ministerio<\/h2>\t\t\t\t<\/div>\n\t\t\t\t<\/div>\n\t\t\t\t<\/div>\n\t\t<div class=\"elementor-element elementor-element-29d1d62 e-con-full e-flex e-con e-child\" data-id=\"29d1d62\" data-element_type=\"container\" data-e-type=\"container\">\n\t\t<div class=\"elementor-element elementor-element-f2efac6 e-con-full e-flex e-con e-child\" data-id=\"f2efac6\" data-element_type=\"container\" data-e-type=\"container\">\n\t\t\t\t<div class=\"elementor-element elementor-element-5723056 elementor-widget elementor-widget-text-editor\" data-id=\"5723056\" data-element_type=\"widget\" data-e-type=\"widget\" data-widget_type=\"text-editor.default\">\n\t\t\t\t\t\t\t\t\t<p>De 2015 a 2020, nuestro Cuerpo Ministerial Itinerante fue el programa insignia de la Secci\u00f3n de las Am\u00e9ricas. Para obtener m\u00e1s informaci\u00f3n sobre el programa y sobre la historia del cuerpo del Ministerio Itinerante, consulte nuestra Descripci\u00f3n del programa.<\/p>\t\t\t\t\t\t\t\t<\/div>\n\t\t\t\t<div class=\"elementor-element elementor-element-3b1f9cb elementor-align-center elementor-widget elementor-widget-button\" data-id=\"3b1f9cb\" data-element_type=\"widget\" data-e-type=\"widget\" data-widget_type=\"button.default\">\n\t\t\t\t\t\t\t\t\t\t<a class=\"elementor-button elementor-button-link elementor-size-sm\" href=\"\/wp-content\/uploads\/2025\/12\/CMCA-CLVM-Programa-Descripcion-2018.pdf\" target=\"_blank\">\n\t\t\t\t\t\t<span class=\"elementor-button-content-wrapper\">\n\t\t\t\t\t\t\t\t\t<span class=\"elementor-button-text\">DESCRIPCI\u00d3N DEL PROGRAMA<\/span>\n\t\t\t\t\t<\/span>\n\t\t\t\t\t<\/a>\n\t\t\t\t\t\t\t\t<\/div>\n\t\t\t\t<\/div>\n\t\t<div class=\"elementor-element elementor-element-4e67c0c e-con-full e-flex e-con e-child\" data-id=\"4e67c0c\" data-element_type=\"container\" data-e-type=\"container\">\n\t\t\t\t<div class=\"elementor-element elementor-element-794dbff elementor-widget elementor-widget-image\" data-id=\"794dbff\" data-element_type=\"widget\" data-e-type=\"widget\" data-widget_type=\"image.default\">\n\t\t\t\t\t\t\t\t\t\t\t\t\t\t\t<img decoding=\"async\" width=\"577\" height=\"433\" src=\"https:\/\/fwccamericas.org\/wp-content\/uploads\/2025\/10\/Vicky-listening.jpg\" class=\"attachment-large size-large wp-image-1763\" alt=\"Two Friends having a conversation\" srcset=\"https:\/\/fwccamericas.org\/wp-content\/uploads\/2025\/10\/Vicky-listening.jpg 577w, https:\/\/fwccamericas.org\/wp-content\/uploads\/2025\/10\/Vicky-listening-300x225.jpg 300w\" sizes=\"(max-width: 577px) 100vw, 577px\" \/>\t\t\t\t\t\t\t\t\t\t\t\t\t\t\t<\/div>\n\t\t\t\t<\/div>\n\t\t\t\t<\/div>\n\t\t\t\t<div class=\"elementor-element elementor-element-18ef8a1 elementor-widget elementor-widget-image\" data-id=\"18ef8a1\" data-element_type=\"widget\" data-e-type=\"widget\" data-widget_type=\"image.default\">\n\t\t\t\t\t\t\t\t\t\t\t\t\t\t\t<img decoding=\"async\" width=\"1024\" height=\"4\" src=\"https:\/\/fwccamericas.org\/wp-content\/uploads\/2025\/11\/Divider-Bar-for-Web-5px-1024x4.jpg\" class=\"attachment-large size-large wp-image-2738\" alt=\"Divider Bar\" srcset=\"https:\/\/fwccamericas.org\/wp-content\/uploads\/2025\/11\/Divider-Bar-for-Web-5px-1024x4.jpg 1024w, https:\/\/fwccamericas.org\/wp-content\/uploads\/2025\/11\/Divider-Bar-for-Web-5px-300x1.jpg 300w, https:\/\/fwccamericas.org\/wp-content\/uploads\/2025\/11\/Divider-Bar-for-Web-5px-768x3.jpg 768w, https:\/\/fwccamericas.org\/wp-content\/uploads\/2025\/11\/Divider-Bar-for-Web-5px.jpg 1440w\" sizes=\"(max-width: 1024px) 100vw, 1024px\" \/>\t\t\t\t\t\t\t\t\t\t\t\t\t\t\t<\/div>\n\t\t\t\t\t<\/div>\n\t\t\t\t<\/div>\n\t\t<div class=\"elementor-element elementor-element-38dd45c e-flex e-con-boxed e-con e-parent\" data-id=\"38dd45c\" data-element_type=\"container\" data-e-type=\"container\">\n\t\t\t\t\t<div class=\"e-con-inner\">\n\t\t<div class=\"elementor-element elementor-element-4169e62 e-con-full e-flex e-con e-child\" data-id=\"4169e62\" data-element_type=\"container\" data-e-type=\"container\">\n\t\t<div class=\"elementor-element elementor-element-5340019 e-con-full e-flex e-con e-child\" data-id=\"5340019\" data-element_type=\"container\" data-e-type=\"container\">\n\t\t\t\t<div class=\"elementor-element elementor-element-9a4e91c elementor-widget elementor-widget-heading\" data-id=\"9a4e91c\" data-element_type=\"widget\" data-e-type=\"widget\" data-widget_type=\"heading.default\">\n\t\t\t\t\t<h2 class=\"elementor-heading-title elementor-size-default\">Recursos Adicionales<\/h2>\t\t\t\t<\/div>\n\t\t\t\t<\/div>\n\t\t<div class=\"elementor-element elementor-element-45a7953 e-con-full e-flex e-con e-child\" data-id=\"45a7953\" data-element_type=\"container\" data-e-type=\"container\">\n\t\t<div class=\"elementor-element elementor-element-210bdff e-con-full e-flex e-con e-child\" data-id=\"210bdff\" data-element_type=\"container\" data-e-type=\"container\">\n\t\t\t\t<div class=\"elementor-element elementor-element-c3e99f4 raven-cta--valign-middle raven-bg-transform raven-bg-transform-move-up raven-cta--skin-classic elementor-widget elementor-widget-raven-call-to-action\" data-id=\"c3e99f4\" data-element_type=\"widget\" data-e-type=\"widget\" data-widget_type=\"raven-call-to-action.default\">\n\t\t\t\t<div class=\"elementor-widget-container\">\n\t\t\t\t\t<a  class=\"raven-cta\" href=\"\/es\/encontraramigos\">\n\t\t\t\t\t<div class=\"raven-cta__bg-wrapper\">\n\t\t\t\t<div class=\"raven-cta__bg raven-bg\" style=\"background-image: url(https:\/\/fwccamericas.org\/wp-content\/uploads\/2025\/10\/living-water-reduced.jpg);\"><\/div>\n\t\t\t\t<div class=\"raven-cta__bg-overlay\"><\/div>\n\t\t\t<\/div>\n\t\t\t\t\t\t\t\t\t\t<div class=\"raven-cta__content\">\n\t\t\t\t\n\t\t\t\t<h3 class=\"raven-cta__title raven-cta__content-item elementor-content-item\">Encuentra Amigos<\/h3>\n\t\t\t\t\t\t\t\t\t<div class=\"raven-cta__description raven-cta__content-item elementor-content-item\">\n\t\t\t\t\t\tEncuentre reuniones en l\u00ednea, presenciales y reuniones\/iglesias h\u00edbridas en todo el mundo.\t\t\t\t\t<\/div>\n\t\t\t\t\n\t\t\t\t\t\t\t\t\t<div class=\"raven-cta__button-wrapper raven-cta__content-item elementor-content-item \">\n\t\t\t\t\t<span class=\"raven-cta__button elementor-button \">\n\t\t\t\t\t\tENCONTRAR AMIGOS\t\t\t\t\t<\/span>\n\t\t\t\t\t<\/div>\n\t\t\t\t\n\t\t\t\t\t\t\t<\/div>\n\t\t\t\t<\/a>\n\t\t\t\t\t\t<\/div>\n\t\t\t\t<\/div>\n\t\t\t\t<\/div>\n\t\t<div class=\"elementor-element elementor-element-23b52d8 e-con-full e-flex e-con e-child\" data-id=\"23b52d8\" data-element_type=\"container\" data-e-type=\"container\">\n\t\t\t\t<div class=\"elementor-element elementor-element-c802665 raven-bg-transform raven-bg-transform-move-down raven-cta--skin-classic elementor-widget elementor-widget-raven-call-to-action\" data-id=\"c802665\" data-element_type=\"widget\" data-e-type=\"widget\" data-widget_type=\"raven-call-to-action.default\">\n\t\t\t\t<div class=\"elementor-widget-container\">\n\t\t\t\t\t<a  class=\"raven-cta\" href=\"\/es\/done\">\n\t\t\t\t\t<div class=\"raven-cta__bg-wrapper\">\n\t\t\t\t<div class=\"raven-cta__bg raven-bg\" style=\"background-image: url(https:\/\/fwccamericas.org\/wp-content\/uploads\/2025\/09\/prayer-1024x682.jpg);\"><\/div>\n\t\t\t\t<div class=\"raven-cta__bg-overlay\"><\/div>\n\t\t\t<\/div>\n\t\t\t\t\t\t\t\t\t\t<div class=\"raven-cta__content\">\n\t\t\t\t\n\t\t\t\t<h3 class=\"raven-cta__title raven-cta__content-item elementor-content-item\">Haz una donaci\u00f3n a los Amigos<\/h3>\n\t\t\t\t\t\t\t\t\t<div class=\"raven-cta__description raven-cta__content-item elementor-content-item\">\n\t\t\t\t\t\tLos Amigos que deseen apoyar esta labor esencial del FWCC son bienvenidos a hacer donaciones econ\u00f3micas.\t\t\t\t\t<\/div>\n\t\t\t\t\n\t\t\t\t\t\t\t\t\t<div class=\"raven-cta__button-wrapper raven-cta__content-item elementor-content-item \">\n\t\t\t\t\t<span class=\"raven-cta__button elementor-button \">\n\t\t\t\t\t\tDONE\t\t\t\t\t<\/span>\n\t\t\t\t\t<\/div>\n\t\t\t\t\n\t\t\t\t\t\t\t<\/div>\n\t\t\t\t<\/a>\n\t\t\t\t\t\t<\/div>\n\t\t\t\t<\/div>\n\t\t\t\t<\/div>\n\t\t<div class=\"elementor-element elementor-element-87ef44d e-con-full e-flex e-con e-child\" data-id=\"87ef44d\" data-element_type=\"container\" data-e-type=\"container\">\n\t\t\t\t<div class=\"elementor-element elementor-element-6fd0644 raven-bg-transform raven-bg-transform-move-up raven-cta--skin-classic elementor-widget elementor-widget-raven-call-to-action\" data-id=\"6fd0644\" data-element_type=\"widget\" data-e-type=\"widget\" data-widget_type=\"raven-call-to-action.default\">\n\t\t\t\t<div class=\"elementor-widget-container\">\n\t\t\t\t\t<a  class=\"raven-cta\" href=\"\/es\/pregunte\">\n\t\t\t\t\t<div class=\"raven-cta__bg-wrapper\">\n\t\t\t\t<div class=\"raven-cta__bg raven-bg\" style=\"background-image: url(https:\/\/fwccamericas.org\/wp-content\/uploads\/2025\/09\/ask-a-friend-1024x457.jpg);\"><\/div>\n\t\t\t\t<div class=\"raven-cta__bg-overlay\"><\/div>\n\t\t\t<\/div>\n\t\t\t\t\t\t\t\t\t\t<div class=\"raven-cta__content\">\n\t\t\t\t\n\t\t\t\t<h3 class=\"raven-cta__title raven-cta__content-item elementor-content-item\">Hazle una Pregunta a un Amigo<\/h3>\n\t\t\t\t\t\t\t\t\t<div class=\"raven-cta__description raven-cta__content-item elementor-content-item\">\n\t\t\t\t\t\tHazle una pregunta a un Amigo enviando la tuya. Las preguntas son respondidas por Amigos que ofrecen voluntariamente su tiempo.\t\t\t\t\t<\/div>\n\t\t\t\t\n\t\t\t\t\t\t\t\t\t<div class=\"raven-cta__button-wrapper raven-cta__content-item elementor-content-item \">\n\t\t\t\t\t<span class=\"raven-cta__button elementor-button \">\n\t\t\t\t\t\tPREG\u00daNTALE A UN AMIGO\t\t\t\t\t<\/span>\n\t\t\t\t\t<\/div>\n\t\t\t\t\n\t\t\t\t\t\t\t<\/div>\n\t\t\t\t<\/a>\n\t\t\t\t\t\t<\/div>\n\t\t\t\t<\/div>\n\t\t\t\t<\/div>\n\t\t\t\t<\/div>\n\t\t\t\t<\/div>\n\t\t\t\t\t<\/div>\n\t\t\t\t<\/div>\n\t\t\t\t<\/div>\n\t\t","protected":false},"excerpt":{"rendered":"<p>Intervisitaci\u00f3n La intervisitaci\u00f3n entre Amigos es una pr\u00e1ctica central para el Comit\u00e9 Mundial de Amigos Los Amigos Viajeros comparten su propia experiencia espiritual y el sentido de unidad que es posible a trav\u00e9s de las ramas de Amigos. Animan a los Amigos a aprender unos de otros y, luego de consultar y discernir con las [&hellip;]<\/p>\n","protected":false},"author":1,"featured_media":0,"parent":0,"menu_order":0,"comment_status":"closed","ping_status":"closed","template":"elementor_header_footer","meta":{"footnotes":""},"class_list":["post-2982","page","type-page","status-publish","hentry"],"aioseo_notices":[],"_links":{"self":[{"href":"https:\/\/fwccamericas.org\/es\/wp-json\/wp\/v2\/pages\/2982","targetHints":{"allow":["GET"]}}],"collection":[{"href":"https:\/\/fwccamericas.org\/es\/wp-json\/wp\/v2\/pages"}],"about":[{"href":"https:\/\/fwccamericas.org\/es\/wp-json\/wp\/v2\/types\/page"}],"author":[{"embeddable":true,"href":"https:\/\/fwccamericas.org\/es\/wp-json\/wp\/v2\/users\/1"}],"replies":[{"embeddable":true,"href":"https:\/\/fwccamericas.org\/es\/wp-json\/wp\/v2\/comments?post=2982"}],"version-history":[{"count":9,"href":"https:\/\/fwccamericas.org\/es\/wp-json\/wp\/v2\/pages\/2982\/revisions"}],"predecessor-version":[{"id":4619,"href":"https:\/\/fwccamericas.org\/es\/wp-json\/wp\/v2\/pages\/2982\/revisions\/4619"}],"wp:attachment":[{"href":"https:\/\/fwccamericas.org\/es\/wp-json\/wp\/v2\/media?parent=2982"}],"curies":[{"name":"wp","href":"https:\/\/api.w.org\/{rel}","templated":true}]}}