{"id":1657,"date":"2025-10-06T23:54:35","date_gmt":"2025-10-07T06:54:35","guid":{"rendered":"https:\/\/fwccamericas.org\/getinvolved"},"modified":"2026-04-12T19:35:10","modified_gmt":"2026-04-13T02:35:10","slug":"colabora","status":"publish","type":"page","link":"https:\/\/fwccamericas.org\/es\/colabora","title":{"rendered":"Haz un impacto: formas de colaborar con la Comunidad Cu\u00e1quera"},"content":{"rendered":"\t\t<div data-elementor-type=\"wp-page\" data-elementor-id=\"1657\" class=\"elementor elementor-1657 elementor-424\">\n\t\t\t\t<div class=\"elementor-element elementor-element-480848d e-flex e-con-boxed e-con e-parent\" data-id=\"480848d\" data-element_type=\"container\" data-e-type=\"container\">\n\t\t\t\t\t<div class=\"e-con-inner\">\n\t\t<div class=\"elementor-element elementor-element-98a9abb e-con-full e-flex e-con e-child\" data-id=\"98a9abb\" data-element_type=\"container\" data-e-type=\"container\">\n\t\t<div class=\"elementor-element elementor-element-59ea309 e-con-full e-flex e-con e-child\" data-id=\"59ea309\" data-element_type=\"container\" data-e-type=\"container\">\n\t\t\t\t<div class=\"elementor-element elementor-element-0a2b619 elementor-invisible elementor-widget elementor-widget-heading\" data-id=\"0a2b619\" data-element_type=\"widget\" data-e-type=\"widget\" data-settings=\"{&quot;_animation&quot;:&quot;fadeInLeft&quot;}\" data-widget_type=\"heading.default\">\n\t\t\t\t\t<h1 class=\"elementor-heading-title elementor-size-default\">Como colaborar<\/h1>\t\t\t\t<\/div>\n\t\t\t\t<\/div>\n\t\t<div class=\"elementor-element elementor-element-5abe421 e-con-full e-flex e-con e-child\" data-id=\"5abe421\" data-element_type=\"container\" data-e-type=\"container\">\n\t\t\t\t<div class=\"elementor-element elementor-element-e0f4556 elementor-widget elementor-widget-image\" data-id=\"e0f4556\" data-element_type=\"widget\" data-e-type=\"widget\" data-widget_type=\"image.default\">\n\t\t\t\t\t\t\t\t\t\t\t\t\t\t\t<img fetchpriority=\"high\" decoding=\"async\" width=\"1024\" height=\"411\" src=\"https:\/\/fwccamericas.org\/wp-content\/uploads\/2025\/10\/connect-with-friends-1024x411.jpg\" class=\"attachment-large size-large wp-image-1656\" alt=\"A group of Friends having a discussion\" srcset=\"https:\/\/fwccamericas.org\/wp-content\/uploads\/2025\/10\/connect-with-friends-1024x411.jpg 1024w, https:\/\/fwccamericas.org\/wp-content\/uploads\/2025\/10\/connect-with-friends-300x121.jpg 300w, https:\/\/fwccamericas.org\/wp-content\/uploads\/2025\/10\/connect-with-friends-768x309.jpg 768w, https:\/\/fwccamericas.org\/wp-content\/uploads\/2025\/10\/connect-with-friends.jpg 1120w\" sizes=\"(max-width: 1024px) 100vw, 1024px\" \/>\t\t\t\t\t\t\t\t\t\t\t\t\t\t\t<\/div>\n\t\t\t\t<\/div>\n\t\t\t\t<\/div>\n\t\t<div class=\"elementor-element elementor-element-5a6f63f e-con-full e-flex e-con e-child\" data-id=\"5a6f63f\" data-element_type=\"container\" data-e-type=\"container\">\n\t\t<div class=\"elementor-element elementor-element-94764b0 e-con-full e-flex e-con e-child\" data-id=\"94764b0\" data-element_type=\"container\" data-e-type=\"container\">\n\t\t\t\t<div class=\"elementor-element elementor-element-0153610 elementor-widget elementor-widget-heading\" data-id=\"0153610\" data-element_type=\"widget\" data-e-type=\"widget\" data-widget_type=\"heading.default\">\n\t\t\t\t\t<h2 class=\"elementor-heading-title elementor-size-default\">S\u00e9 Sociable<\/h2>\t\t\t\t<\/div>\n\t\t\t\t<div class=\"elementor-element elementor-element-be12eed elementor-widget elementor-widget-heading\" data-id=\"be12eed\" data-element_type=\"widget\" data-e-type=\"widget\" data-widget_type=\"heading.default\">\n\t\t\t\t\t<h3 class=\"elementor-heading-title elementor-size-default\">Reenv\u00eda nuestro bolet\u00edn electr\u00f3nico o otras publicaciones a tus Amigos.<\/h3>\t\t\t\t<\/div>\n\t\t\t\t<div class=\"elementor-element elementor-element-8fd3fc0 elementor-widget elementor-widget-text-editor\" data-id=\"8fd3fc0\" data-element_type=\"widget\" data-e-type=\"widget\" data-widget_type=\"text-editor.default\">\n\t\t\t\t\t\t\t\t\t<p>Informa a otras personas sobre el labor del Comit\u00e9 Mundial de Consulta de los Amigos. En el siglo 21, nuestro mensaje cu\u00e1quero al mundo es m\u00e1s necesario y relevante que nunca. <span style=\"text-decoration: underline;\"><strong><a href=\"https:\/\/fwccamericas.org\/es\/noticias\">Consulta nuestras \u00faltimas noticias.<\/a><\/strong><\/span> <\/p>\t\t\t\t\t\t\t\t<\/div>\n\t\t\t\t<div class=\"elementor-element elementor-element-7411d0c elementor-widget elementor-widget-heading\" data-id=\"7411d0c\" data-element_type=\"widget\" data-e-type=\"widget\" data-widget_type=\"heading.default\">\n\t\t\t\t\t<h3 class=\"elementor-heading-title elementor-size-default\">Actualiza o comparte en redes sociales.<\/h3>\t\t\t\t<\/div>\n\t\t\t\t<div class=\"elementor-element elementor-element-2059992 elementor-widget elementor-widget-text-editor\" data-id=\"2059992\" data-element_type=\"widget\" data-e-type=\"widget\" data-widget_type=\"text-editor.default\">\n\t\t\t\t\t\t\t\t\t<p>\u00a1Buscamos a uno o m\u00e1s Amigos que puedan publicar regularmente mensajes espec\u00edficos en nuestras p\u00e1ginas de <span style=\"text-decoration: underline;\"><strong><a href=\"https:\/\/www.facebook.com\/fwccamericas\/\" target=\"_blank\" rel=\"noopener\">Facebook <\/a><\/strong><\/span>e <span style=\"text-decoration: underline;\"><strong><a href=\"https:\/\/www.instagram.com\/fwccamericas\/\">Instagram<\/a><\/strong><\/span> para compartir ampliamente nuestros mensajes!<\/p>\t\t\t\t\t\t\t\t<\/div>\n\t\t\t\t<\/div>\n\t\t<div class=\"elementor-element elementor-element-b2c3cc2 e-con-full e-flex e-con e-child\" data-id=\"b2c3cc2\" data-element_type=\"container\" data-e-type=\"container\">\n\t\t\t\t<div class=\"elementor-element elementor-element-0ed0c0d elementor-widget elementor-widget-heading\" data-id=\"0ed0c0d\" data-element_type=\"widget\" data-e-type=\"widget\" data-widget_type=\"heading.default\">\n\t\t\t\t\t<h2 class=\"elementor-heading-title elementor-size-default\">S\u00e9 Generoso<\/h2>\t\t\t\t<\/div>\n\t\t\t\t<div class=\"elementor-element elementor-element-a4c3797 elementor-widget elementor-widget-text-editor\" data-id=\"a4c3797\" data-element_type=\"widget\" data-e-type=\"widget\" data-widget_type=\"text-editor.default\">\n\t\t\t\t\t\t\t\t\t<p>\u00danete a nuestras personas \u201csostenedoras\u201d configurando una contribuci\u00f3n mensual autom\u00e1tica. O considera incluir al Comit\u00e9 Mundial de Consulta de los Amigos en tu testamento. Tus donaciones son necesarias para apoyar los programas que te importan. Ayuda a reunir a Amigos de diversas tradiciones y experiencias culturales en adoraci\u00f3n, comunicaci\u00f3n y consulta.   <\/p>\t\t\t\t\t\t\t\t<\/div>\n\t\t\t\t<div class=\"elementor-element elementor-element-0b9eeb4 elementor-align-center elementor-widget elementor-widget-button\" data-id=\"0b9eeb4\" data-element_type=\"widget\" data-e-type=\"widget\" data-widget_type=\"button.default\">\n\t\t\t\t\t\t\t\t\t\t<a class=\"elementor-button elementor-button-link elementor-size-sm\" href=\"https:\/\/fwccamericas.org\/es\/done\">\n\t\t\t\t\t\t<span class=\"elementor-button-content-wrapper\">\n\t\t\t\t\t\t\t\t\t<span class=\"elementor-button-text\">HACER UNA DONACION<\/span>\n\t\t\t\t\t<\/span>\n\t\t\t\t\t<\/a>\n\t\t\t\t\t\t\t\t<\/div>\n\t\t\t\t<\/div>\n\t\t\t\t<\/div>\n\t\t<div class=\"elementor-element elementor-element-b6b7048 e-con-full e-flex e-con e-child\" data-id=\"b6b7048\" data-element_type=\"container\" data-e-type=\"container\">\n\t\t<div class=\"elementor-element elementor-element-d21a95e e-con-full e-flex e-con e-child\" data-id=\"d21a95e\" data-element_type=\"container\" data-e-type=\"container\">\n\t\t\t\t<div class=\"elementor-element elementor-element-1d313cf elementor-widget elementor-widget-heading\" data-id=\"1d313cf\" data-element_type=\"widget\" data-e-type=\"widget\" data-widget_type=\"heading.default\">\n\t\t\t\t\t<h2 class=\"elementor-heading-title elementor-size-default\">S\u00e9 activo<\/h2>\t\t\t\t<\/div>\n\t\t\t\t<div class=\"elementor-element elementor-element-1947c02 elementor-widget elementor-widget-heading\" data-id=\"1947c02\" data-element_type=\"widget\" data-e-type=\"widget\" data-widget_type=\"heading.default\">\n\t\t\t\t\t<h3 class=\"elementor-heading-title elementor-size-default\">Visita otra reuni\u00f3n de Amigos, iglesia o reuni\u00f3n anual cerca de ti.<\/h3>\t\t\t\t<\/div>\n\t\t\t\t<div class=\"elementor-element elementor-element-842b5c9 elementor-widget elementor-widget-text-editor\" data-id=\"842b5c9\" data-element_type=\"widget\" data-e-type=\"widget\" data-widget_type=\"text-editor.default\">\n\t\t\t\t\t\t\t\t\t<p>Responde al llamado de Dios al amor universal. Explora el mundo m\u00e1s amplio de los Amigos en tu \u00e1rea local o mientras viajas por trabajo o motivos familiares. Escribe sobre tu experiencia en el bolet\u00edn de tu reuni\u00f3n o iglesia, en tu blog o para tu peri\u00f3dico local.  <\/p>\t\t\t\t\t\t\t\t<\/div>\n\t\t\t\t<div class=\"elementor-element elementor-element-e44d78f elementor-align-center elementor-widget elementor-widget-button\" data-id=\"e44d78f\" data-element_type=\"widget\" data-e-type=\"widget\" data-widget_type=\"button.default\">\n\t\t\t\t\t\t\t\t\t\t<a class=\"elementor-button elementor-button-link elementor-size-sm\" href=\"https:\/\/fwccamericas.org\/es\/encontraramigos\">\n\t\t\t\t\t\t<span class=\"elementor-button-content-wrapper\">\n\t\t\t\t\t\t\t\t\t<span class=\"elementor-button-text\">ENCONTRAR AMIGOS<\/span>\n\t\t\t\t\t<\/span>\n\t\t\t\t\t<\/a>\n\t\t\t\t\t\t\t\t<\/div>\n\t\t\t\t<\/div>\n\t\t<div class=\"elementor-element elementor-element-1c6664f e-con-full e-flex e-con e-child\" data-id=\"1c6664f\" data-element_type=\"container\" data-e-type=\"container\">\n\t\t\t\t<div class=\"elementor-element elementor-element-e9cd8c2 elementor-widget elementor-widget-video\" data-id=\"e9cd8c2\" data-element_type=\"widget\" data-e-type=\"widget\" data-settings=\"{&quot;youtube_url&quot;:&quot;https:\\\/\\\/youtu.be\\\/242VqF0eYso?si=n4EgZztFFtLhr2qD&quot;,&quot;video_type&quot;:&quot;youtube&quot;,&quot;controls&quot;:&quot;yes&quot;}\" data-widget_type=\"video.default\">\n\t\t\t\t\t\t\t<div class=\"elementor-wrapper elementor-open-inline\">\n\t\t\t<div class=\"elementor-video\"><\/div>\t\t<\/div>\n\t\t\t\t\t\t<\/div>\n\t\t\t\t<\/div>\n\t\t\t\t<\/div>\n\t\t<div class=\"elementor-element elementor-element-6359e23 e-con-full e-flex e-con e-child\" data-id=\"6359e23\" data-element_type=\"container\" data-e-type=\"container\">\n\t\t<div class=\"elementor-element elementor-element-b73d7df e-con-full e-flex e-con e-child\" data-id=\"b73d7df\" data-element_type=\"container\" data-e-type=\"container\">\n\t\t\t\t<div class=\"elementor-element elementor-element-f2980ef elementor-widget elementor-widget-heading\" data-id=\"f2980ef\" data-element_type=\"widget\" data-e-type=\"widget\" data-widget_type=\"heading.default\">\n\t\t\t\t\t<h3 class=\"elementor-heading-title elementor-size-default\">Ora por los Amigos en otras partes del mundo.<\/h3>\t\t\t\t<\/div>\n\t\t\t\t<div class=\"elementor-element elementor-element-937150b elementor-widget elementor-widget-text-editor\" data-id=\"937150b\" data-element_type=\"widget\" data-e-type=\"widget\" data-widget_type=\"text-editor.default\">\n\t\t\t\t\t\t\t\t\t<p>Ora tambi\u00e9n por el personal y las personas voluntarias del FWCC, por nuestro ministerio entre los Amigos y quienes buscan, y por la obra del Esp\u00edritu Santo en el mundo.<\/p>\t\t\t\t\t\t\t\t<\/div>\n\t\t\t\t<div class=\"elementor-element elementor-element-edc9ad1 elementor-align-center AmericasMap elementor-widget elementor-widget-button\" data-id=\"edc9ad1\" data-element_type=\"widget\" data-e-type=\"widget\" id=\"AmericasMap\" data-widget_type=\"button.default\">\n\t\t\t\t\t\t\t\t\t\t<a class=\"elementor-button elementor-button-link elementor-size-sm\" href=\"https:\/\/fwccamericas.org\/jupiterx-popups\/map-of-americas\">\n\t\t\t\t\t\t<span class=\"elementor-button-content-wrapper\">\n\t\t\t\t\t\t\t\t\t<span class=\"elementor-button-text\">VER EL MAPA DE LOS AMIGOS EN LAS AM\u00c9RICAS.<\/span>\n\t\t\t\t\t<\/span>\n\t\t\t\t\t<\/a>\n\t\t\t\t\t\t\t\t<\/div>\n\t\t\t\t<\/div>\n\t\t<div class=\"elementor-element elementor-element-1cc5764 e-con-full e-flex e-con e-child\" data-id=\"1cc5764\" data-element_type=\"container\" data-e-type=\"container\">\n\t\t\t\t<div class=\"elementor-element elementor-element-2552db1 elementor-widget elementor-widget-heading\" data-id=\"2552db1\" data-element_type=\"widget\" data-e-type=\"widget\" data-widget_type=\"heading.default\">\n\t\t\t\t\t<h3 class=\"elementor-heading-title elementor-size-default\">Celebra el D\u00eda Mundial de los Amigos.<\/h3>\t\t\t\t<\/div>\n\t\t\t\t<div class=\"elementor-element elementor-element-8797f64 elementor-widget elementor-widget-text-editor\" data-id=\"8797f64\" data-element_type=\"widget\" data-e-type=\"widget\" data-widget_type=\"text-editor.default\">\n\t\t\t\t\t\t\t\t\t<p>Organiza algo para el D\u00eda Mundial de los Amigos en tu reuni\u00f3n local.<\/p>\t\t\t\t\t\t\t\t<\/div>\n\t\t\t\t<div class=\"elementor-element elementor-element-9956d47 elementor-align-center AmericasMap elementor-widget elementor-widget-button\" data-id=\"9956d47\" data-element_type=\"widget\" data-e-type=\"widget\" data-widget_type=\"button.default\">\n\t\t\t\t\t\t\t\t\t\t<a class=\"elementor-button elementor-button-link elementor-size-sm\" href=\"https:\/\/worldquakerday.org\/\">\n\t\t\t\t\t\t<span class=\"elementor-button-content-wrapper\">\n\t\t\t\t\t\t\t\t\t<span class=\"elementor-button-text\">APRENDE SOBRE EL D\u00cdA MUNDIAL DE LOS AMIGOS.<\/span>\n\t\t\t\t\t<\/span>\n\t\t\t\t\t<\/a>\n\t\t\t\t\t\t\t\t<\/div>\n\t\t\t\t<\/div>\n\t\t\t\t<\/div>\n\t\t<div class=\"elementor-element elementor-element-b395c65 e-con-full e-flex e-con e-child\" data-id=\"b395c65\" data-element_type=\"container\" data-e-type=\"container\">\n\t\t<div class=\"elementor-element elementor-element-2055f07 e-con-full e-flex e-con e-child\" data-id=\"2055f07\" data-element_type=\"container\" data-e-type=\"container\">\n\t\t\t\t<div class=\"elementor-element elementor-element-001061b elementor-widget elementor-widget-heading\" data-id=\"001061b\" data-element_type=\"widget\" data-e-type=\"widget\" data-widget_type=\"heading.default\">\n\t\t\t\t\t<h3 class=\"elementor-heading-title elementor-size-default\">Organize una recaudaci\u00f3n de fondos.<\/h3>\t\t\t\t<\/div>\n\t\t\t\t<div class=\"elementor-element elementor-element-bee3a73 elementor-widget elementor-widget-text-editor\" data-id=\"bee3a73\" data-element_type=\"widget\" data-e-type=\"widget\" data-widget_type=\"text-editor.default\">\n\t\t\t\t\t\t\t\t\t<p>Organiza una recaudaci\u00f3n de fondos en tu reuni\u00f3n o iglesia para el Fondo de Viajes del pr\u00f3ximo encuentro de la Secci\u00f3n de las Am\u00e9ricas o para la pr\u00f3xima Reuni\u00f3n Plenaria Mundial. Este fondo permite que m\u00e1s Representantes de Am\u00e9rica Latina asistan al encuentro de la Secci\u00f3n. <\/p>\t\t\t\t\t\t\t\t<\/div>\n\t\t\t\t<div class=\"elementor-element elementor-element-28b24f2 elementor-align-center AmericasMap elementor-widget elementor-widget-button\" data-id=\"28b24f2\" data-element_type=\"widget\" data-e-type=\"widget\" data-widget_type=\"button.default\">\n\t\t\t\t\t\t\t\t\t\t<a class=\"elementor-button elementor-button-link elementor-size-sm\" href=\"https:\/\/fwccamericas.org\/es\/eventos\">\n\t\t\t\t\t\t<span class=\"elementor-button-content-wrapper\">\n\t\t\t\t\t\t\t\t\t<span class=\"elementor-button-text\">VER EVENTOS<\/span>\n\t\t\t\t\t<\/span>\n\t\t\t\t\t<\/a>\n\t\t\t\t\t\t\t\t<\/div>\n\t\t\t\t<\/div>\n\t\t<div class=\"elementor-element elementor-element-31eadce e-con-full e-flex e-con e-child\" data-id=\"31eadce\" data-element_type=\"container\" data-e-type=\"container\">\n\t\t\t\t<div class=\"elementor-element elementor-element-f48a98f elementor-widget elementor-widget-heading\" data-id=\"f48a98f\" data-element_type=\"widget\" data-e-type=\"widget\" data-widget_type=\"heading.default\">\n\t\t\t\t\t<h3 class=\"elementor-heading-title elementor-size-default\">Acepta servir en un comit\u00e9 permanente o grupo de programas del FWCC.<\/h3>\t\t\t\t<\/div>\n\t\t\t\t<div class=\"elementor-element elementor-element-50f2952 elementor-widget elementor-widget-text-editor\" data-id=\"50f2952\" data-element_type=\"widget\" data-e-type=\"widget\" data-widget_type=\"text-editor.default\">\n\t\t\t\t\t\t\t\t\t<p>Escr\u00edbenos por correo electr\u00f3nico para obtener m\u00e1s informaci\u00f3n y conectarte.<\/p>\t\t\t\t\t\t\t\t<\/div>\n\t\t\t\t<div class=\"elementor-element elementor-element-646a5f8 elementor-align-center AmericasMap elementor-widget elementor-widget-button\" data-id=\"646a5f8\" data-element_type=\"widget\" data-e-type=\"widget\" data-widget_type=\"button.default\">\n\t\t\t\t\t\t\t\t\t\t<a class=\"elementor-button elementor-button-link elementor-size-sm\" href=\"mailto:americas@fwccamericas.org\">\n\t\t\t\t\t\t<span class=\"elementor-button-content-wrapper\">\n\t\t\t\t\t\t\t\t\t<span class=\"elementor-button-text\">CORREO ELECTRONICO: AMERICAS@FWCCAMERICAS.ORG<\/span>\n\t\t\t\t\t<\/span>\n\t\t\t\t\t<\/a>\n\t\t\t\t\t\t\t\t<\/div>\n\t\t\t\t<\/div>\n\t\t\t\t<\/div>\n\t\t<div class=\"elementor-element elementor-element-fe5d4fc e-con-full e-flex e-con e-child\" data-id=\"fe5d4fc\" data-element_type=\"container\" data-e-type=\"container\">\n\t\t<div class=\"elementor-element elementor-element-1818424 e-con-full e-flex e-con e-child\" data-id=\"1818424\" data-element_type=\"container\" data-e-type=\"container\">\n\t\t\t\t<div class=\"elementor-element elementor-element-ef0ec14 elementor-widget elementor-widget-heading\" data-id=\"ef0ec14\" data-element_type=\"widget\" data-e-type=\"widget\" data-widget_type=\"heading.default\">\n\t\t\t\t\t<h3 class=\"elementor-heading-title elementor-size-default\">S\u00e9 constructivo<\/h3>\t\t\t\t<\/div>\n\t\t\t\t<div class=\"elementor-element elementor-element-060cc13 elementor-widget elementor-widget-text-editor\" data-id=\"060cc13\" data-element_type=\"widget\" data-e-type=\"widget\" data-widget_type=\"text-editor.default\">\n\t\t\t\t\t\t\t\t\t<p>Haznos saber c\u00f3mo el FWCC puede servir mejor a tu reuni\u00f3n anual, iglesia local o reuni\u00f3n envi\u00e1ndonos un correo electr\u00f3nico. Tus ideas y sugerencias son muy importantes para nosotros. <\/p>\t\t\t\t\t\t\t\t<\/div>\n\t\t\t\t<div class=\"elementor-element elementor-element-17af656 elementor-align-center AmericasMap elementor-widget elementor-widget-button\" data-id=\"17af656\" data-element_type=\"widget\" data-e-type=\"widget\" data-widget_type=\"button.default\">\n\t\t\t\t\t\t\t\t\t\t<a class=\"elementor-button elementor-button-link elementor-size-sm\" href=\"mailto:americas@fwccamericas.org\">\n\t\t\t\t\t\t<span class=\"elementor-button-content-wrapper\">\n\t\t\t\t\t\t\t\t\t<span class=\"elementor-button-text\">CORREO ELECTRONICO: AMERICAS@FWCCAMERICAS.ORG<\/span>\n\t\t\t\t\t<\/span>\n\t\t\t\t\t<\/a>\n\t\t\t\t\t\t\t\t<\/div>\n\t\t\t\t<\/div>\n\t\t\t\t<\/div>\n\t\t\t\t\t<\/div>\n\t\t\t\t<\/div>\n\t\t<div class=\"elementor-element elementor-element-54a2cbfe e-flex e-con-boxed e-con e-parent\" data-id=\"54a2cbfe\" data-element_type=\"container\" data-e-type=\"container\">\n\t\t\t\t\t<div class=\"e-con-inner\">\n\t\t<div class=\"elementor-element elementor-element-147beeb4 e-con-full e-flex e-con e-child\" data-id=\"147beeb4\" data-element_type=\"container\" data-e-type=\"container\">\n\t\t\t\t<div class=\"elementor-element elementor-element-2fcd7ab9 elementor-widget elementor-widget-heading\" data-id=\"2fcd7ab9\" data-element_type=\"widget\" data-e-type=\"widget\" data-widget_type=\"heading.default\">\n\t\t\t\t\t<h2 class=\"elementor-heading-title elementor-size-default\">Recursos Adicionales<\/h2>\t\t\t\t<\/div>\n\t\t<div class=\"elementor-element elementor-element-58f79452 e-con-full e-flex e-con e-child\" data-id=\"58f79452\" data-element_type=\"container\" data-e-type=\"container\">\n\t\t<div class=\"elementor-element elementor-element-708f1e67 e-con-full e-flex e-con e-child\" data-id=\"708f1e67\" data-element_type=\"container\" data-e-type=\"container\">\n\t\t\t\t<div class=\"elementor-element elementor-element-26b56c0e raven-bg-transform raven-bg-transform-move-down raven-cta--skin-classic elementor-widget elementor-widget-raven-call-to-action\" data-id=\"26b56c0e\" data-element_type=\"widget\" data-e-type=\"widget\" data-widget_type=\"raven-call-to-action.default\">\n\t\t\t\t<div class=\"elementor-widget-container\">\n\t\t\t\t\t<a  class=\"raven-cta\" href=\"https:\/\/fwccamericas.org\/es\/pensamiento\">\n\t\t\t\t\t<div class=\"raven-cta__bg-wrapper\">\n\t\t\t\t<div class=\"raven-cta__bg raven-bg\" style=\"background-image: url(https:\/\/fwccamericas.org\/wp-content\/uploads\/2025\/09\/quaker-thought-today2-1024x768.jpg);\"><\/div>\n\t\t\t\t<div class=\"raven-cta__bg-overlay\"><\/div>\n\t\t\t<\/div>\n\t\t\t\t\t\t\t\t\t\t<div class=\"raven-cta__content\">\n\t\t\t\t\n\t\t\t\t<h3 class=\"raven-cta__title raven-cta__content-item elementor-content-item\">Pensamiento Cu\u00e1quero Actual<\/h3>\n\t\t\t\t\t\t\t\t\t<div class=\"raven-cta__description raven-cta__content-item elementor-content-item\">\n\t\t\t\t\t\tRecursos, publicaciones, nuestro glosario de t\u00e9rminos cu\u00e1queros, videos de QuakerSpeak y m\u00e1s.\t\t\t\t\t<\/div>\n\t\t\t\t\n\t\t\t\t\t\t\t\t\t<div class=\"raven-cta__button-wrapper raven-cta__content-item elementor-content-item \">\n\t\t\t\t\t<span class=\"raven-cta__button elementor-button \">\n\t\t\t\t\t\tPENSAMIENTO CU\u00c1QUERO\t\t\t\t\t<\/span>\n\t\t\t\t\t<\/div>\n\t\t\t\t\n\t\t\t\t\t\t\t<\/div>\n\t\t\t\t<\/a>\n\t\t\t\t\t\t<\/div>\n\t\t\t\t<\/div>\n\t\t\t\t<\/div>\n\t\t<div class=\"elementor-element elementor-element-5d2b2b3f e-con-full e-flex e-con e-child\" data-id=\"5d2b2b3f\" data-element_type=\"container\" data-e-type=\"container\">\n\t\t\t\t<div class=\"elementor-element elementor-element-6ebb0da0 raven-cta--skin-classic raven-bg-transform raven-bg-transform-zoom-in elementor-widget elementor-widget-raven-call-to-action\" data-id=\"6ebb0da0\" data-element_type=\"widget\" data-e-type=\"widget\" data-widget_type=\"raven-call-to-action.default\">\n\t\t\t\t<div class=\"elementor-widget-container\">\n\t\t\t\t\t<a  class=\"raven-cta\" href=\"https:\/\/fwccamericas.org\/es\/eventos\">\n\t\t\t\t\t<div class=\"raven-cta__bg-wrapper\">\n\t\t\t\t<div class=\"raven-cta__bg raven-bg\" style=\"background-image: url(https:\/\/fwccamericas.org\/wp-content\/uploads\/2025\/10\/events-1024x411.jpg);\"><\/div>\n\t\t\t\t<div class=\"raven-cta__bg-overlay\"><\/div>\n\t\t\t<\/div>\n\t\t\t\t\t\t\t\t\t\t<div class=\"raven-cta__content\">\n\t\t\t\t\n\t\t\t\t<h3 class=\"raven-cta__title raven-cta__content-item elementor-content-item\">Eventos<\/h3>\n\t\t\t\t\t\t\t\t\t<div class=\"raven-cta__description raven-cta__content-item elementor-content-item\">\n\t\t\t\t\t\tConoce a los Amigos cara a cara y de coraz\u00f3n a coraz\u00f3n.\n\n\n\t\t\t\t\t<\/div>\n\t\t\t\t\n\t\t\t\t\t\t\t\t\t<div class=\"raven-cta__button-wrapper raven-cta__content-item elementor-content-item \">\n\t\t\t\t\t<span class=\"raven-cta__button elementor-button \">\n\t\t\t\t\t\tEVENTOS DEL FWCC\t\t\t\t\t<\/span>\n\t\t\t\t\t<\/div>\n\t\t\t\t\n\t\t\t\t\t\t\t<\/div>\n\t\t\t\t<\/a>\n\t\t\t\t\t\t<\/div>\n\t\t\t\t<\/div>\n\t\t\t\t<\/div>\n\t\t<div class=\"elementor-element elementor-element-8523dad e-con-full e-flex e-con e-child\" data-id=\"8523dad\" data-element_type=\"container\" data-e-type=\"container\">\n\t\t\t\t<div class=\"elementor-element elementor-element-16fce98e raven-bg-transform raven-bg-transform-move-down raven-cta--skin-classic elementor-widget elementor-widget-raven-call-to-action\" data-id=\"16fce98e\" data-element_type=\"widget\" data-e-type=\"widget\" data-widget_type=\"raven-call-to-action.default\">\n\t\t\t\t<div class=\"elementor-widget-container\">\n\t\t\t\t\t<a  class=\"raven-cta\" href=\"https:\/\/wl.donorperfect.net\/weblink\/weblink.aspx?name=E7287&#038;id=1\">\n\t\t\t\t\t<div class=\"raven-cta__bg-wrapper\">\n\t\t\t\t<div class=\"raven-cta__bg raven-bg\" style=\"background-image: url(https:\/\/fwccamericas.org\/wp-content\/uploads\/2025\/09\/prayer-1024x682.jpg);\"><\/div>\n\t\t\t\t<div class=\"raven-cta__bg-overlay\"><\/div>\n\t\t\t<\/div>\n\t\t\t\t\t\t\t\t\t\t<div class=\"raven-cta__content\">\n\t\t\t\t\n\t\t\t\t<h3 class=\"raven-cta__title raven-cta__content-item elementor-content-item\">Haz una donaci\u00f3n a los Amigos<\/h3>\n\t\t\t\t\t\t\t\t\t<div class=\"raven-cta__description raven-cta__content-item elementor-content-item\">\n\t\t\t\t\t\tLos Amigos que deseen apoyar esta labor esencial del FWCC son bienvenidos a hacer donaciones econ\u00f3micas.\t\t\t\t\t<\/div>\n\t\t\t\t\n\t\t\t\t\t\t\t\t\t<div class=\"raven-cta__button-wrapper raven-cta__content-item elementor-content-item \">\n\t\t\t\t\t<span class=\"raven-cta__button elementor-button \">\n\t\t\t\t\t\tDonar\t\t\t\t\t<\/span>\n\t\t\t\t\t<\/div>\n\t\t\t\t\n\t\t\t\t\t\t\t<\/div>\n\t\t\t\t<\/a>\n\t\t\t\t\t\t<\/div>\n\t\t\t\t<\/div>\n\t\t\t\t<\/div>\n\t\t\t\t<\/div>\n\t\t\t\t<\/div>\n\t\t\t\t\t<\/div>\n\t\t\t\t<\/div>\n\t\t\t\t<\/div>\n\t\t","protected":false},"excerpt":{"rendered":"<p>Como colaborar S\u00e9 Sociable Reenv\u00eda nuestro bolet\u00edn electr\u00f3nico o otras publicaciones a tus Amigos. Informa a otras personas sobre el labor del Comit\u00e9 Mundial de Consulta de los Amigos. En el siglo 21, nuestro mensaje cu\u00e1quero al mundo es m\u00e1s necesario y relevante que nunca. Consulta nuestras \u00faltimas noticias. Actualiza o comparte en redes sociales. [&hellip;]<\/p>\n","protected":false},"author":1,"featured_media":0,"parent":0,"menu_order":0,"comment_status":"closed","ping_status":"closed","template":"elementor_header_footer","meta":{"footnotes":""},"class_list":["post-1657","page","type-page","status-publish","hentry"],"aioseo_notices":[],"_links":{"self":[{"href":"https:\/\/fwccamericas.org\/es\/wp-json\/wp\/v2\/pages\/1657","targetHints":{"allow":["GET"]}}],"collection":[{"href":"https:\/\/fwccamericas.org\/es\/wp-json\/wp\/v2\/pages"}],"about":[{"href":"https:\/\/fwccamericas.org\/es\/wp-json\/wp\/v2\/types\/page"}],"author":[{"embeddable":true,"href":"https:\/\/fwccamericas.org\/es\/wp-json\/wp\/v2\/users\/1"}],"replies":[{"embeddable":true,"href":"https:\/\/fwccamericas.org\/es\/wp-json\/wp\/v2\/comments?post=1657"}],"version-history":[{"count":10,"href":"https:\/\/fwccamericas.org\/es\/wp-json\/wp\/v2\/pages\/1657\/revisions"}],"predecessor-version":[{"id":4608,"href":"https:\/\/fwccamericas.org\/es\/wp-json\/wp\/v2\/pages\/1657\/revisions\/4608"}],"wp:attachment":[{"href":"https:\/\/fwccamericas.org\/es\/wp-json\/wp\/v2\/media?parent=1657"}],"curies":[{"name":"wp","href":"https:\/\/api.w.org\/{rel}","templated":true}]}}