{"id":1630,"date":"2025-10-21T04:35:11","date_gmt":"2025-10-21T11:35:11","guid":{"rendered":"https:\/\/fwccamericas.org\/?page_id=1630"},"modified":"2026-04-12T19:17:04","modified_gmt":"2026-04-13T02:17:04","slug":"encontraramigos","status":"publish","type":"page","link":"https:\/\/fwccamericas.org\/es\/encontraramigos","title":{"rendered":"Con\u00e9ctese con Amigos Cu\u00e1queros de todo el mundo \u2013 Directorio de FWCC Am\u00e9ricas"},"content":{"rendered":"\t\t<div data-elementor-type=\"wp-page\" data-elementor-id=\"1630\" class=\"elementor elementor-1630 elementor-1405\">\n\t\t\t\t<div class=\"elementor-element elementor-element-944ba9a e-flex e-con-boxed e-con e-parent\" data-id=\"944ba9a\" data-element_type=\"container\" data-e-type=\"container\">\n\t\t\t\t\t<div class=\"e-con-inner\">\n\t\t\t\t<div class=\"elementor-element elementor-element-c756884 elementor-widget elementor-widget-shortcode\" data-id=\"c756884\" data-element_type=\"widget\" data-e-type=\"widget\" data-widget_type=\"shortcode.default\">\n\t\t\t\t\t\t\t<div class=\"elementor-shortcode\">  <div class=\"fwcc-experience-wrap\" style=\"position:relative;width:100%;max-width:100%;overflow:hidden;\">\n    <iframe\n      src=\"https:\/\/experience.arcgis.com\/experience\/b65cad5797734528ba94a88131a8cb9c\/page\/Espa%C3%B1ol\"\n      title=\"FWCC Find Friends Map Espa\u00f1ol\"\n      loading=\"lazy\"\n      allow=\"fullscreen; geolocation\"\n      allowfullscreen\n      style=\"border:0;width:100%;height:95vh;display:block;overflow:hidden;\"\n      referrerpolicy=\"no-referrer-when-downgrade\">\n    <\/iframe>\n  <\/div>\n  <\/div>\n\t\t\t\t\t\t<\/div>\n\t\t\t\t<div class=\"elementor-element elementor-element-8ecfb04 elementor-widget elementor-widget-text-editor\" data-id=\"8ecfb04\" data-element_type=\"widget\" data-e-type=\"widget\" data-widget_type=\"text-editor.default\">\n\t\t\t\t\t\t\t\t\t<p><em>Bienvenido a la versi\u00f3n de prueba del nuevo mapa Find Friends. Env\u00ede un correo electr\u00f3nico a <span style=\"text-decoration: underline;\"><strong><a href=\"mailto:gilg@fwccamericas.org\">gilg@fwccamericas.org<\/a><\/strong><\/span> con comentarios, errores u otros comentarios que tenga. Si nota un error en los datos de su reuni\u00f3n o iglesia, <span style=\"text-decoration: underline;\"><strong><a href=\"https:\/\/docs.google.com\/forms\/d\/e\/1FAIpQLSenxI9dtm9ApiYnN3DkvfYdG6NW-NZ58smD_-FVN222HYy2BQ\/viewform\" target=\"_blank\" rel=\"noopener\">utilice el enlace en la parte inferior de cada entrada para enviar las correcciones<\/a><\/strong><\/span>.<\/em><\/p>\t\t\t\t\t\t\t\t<\/div>\n\t\t\t\t<div class=\"elementor-element elementor-element-686f600 elementor-widget elementor-widget-heading\" data-id=\"686f600\" data-element_type=\"widget\" data-e-type=\"widget\" data-widget_type=\"heading.default\">\n\t\t\t\t\t<h2 class=\"elementor-heading-title elementor-size-default\">Juntas Anuales en las Am\u00e9ricas<\/h2>\t\t\t\t<\/div>\n\t\t\t\t<div class=\"elementor-element elementor-element-625d914 elementor-widget elementor-widget-text-editor\" data-id=\"625d914\" data-element_type=\"widget\" data-e-type=\"widget\" data-widget_type=\"text-editor.default\">\n\t\t\t\t\t\t\t\t\t<p>Este mapa (haga clic en el bot\u00f3n abajo para engradar) muestra el n\u00famero de cu\u00e1queros por pa\u00eds, a trav\u00e9s de Norte, Centro, y Sur Am\u00e9rica y el Caribe.<\/p>\t\t\t\t\t\t\t\t<\/div>\n\t\t\t\t<div class=\"elementor-element elementor-element-278e560 elementor-align-center AmericasMapESP elementor-widget elementor-widget-button\" data-id=\"278e560\" data-element_type=\"widget\" data-e-type=\"widget\" id=\"AmericasMapESP\" data-widget_type=\"button.default\">\n\t\t\t\t\t\t\t\t\t\t<a class=\"elementor-button elementor-button-link elementor-size-sm\" href=\"\/es\/jupiterx-popups\/map-of-americas-esp\">\n\t\t\t\t\t\t<span class=\"elementor-button-content-wrapper\">\n\t\t\t\t\t\t\t\t\t<span class=\"elementor-button-text\">VER MAPA DE AMIGOS DE LAS AM\u00c9RICAS<\/span>\n\t\t\t\t\t<\/span>\n\t\t\t\t\t<\/a>\n\t\t\t\t\t\t\t\t<\/div>\n\t\t\t\t<div class=\"elementor-element elementor-element-5245795 AmericasMapESP elementor-widget elementor-widget-image\" data-id=\"5245795\" data-element_type=\"widget\" data-e-type=\"widget\" id=\"AmericasMapESP\" data-widget_type=\"image.default\">\n\t\t\t\t\t\t\t\t\t\t\t\t\t\t\t\t<a href=\"\/es\/jupiterx-popups\/map-of-americas-esp\">\n\t\t\t\t\t\t\t<img fetchpriority=\"high\" decoding=\"async\" width=\"1024\" height=\"430\" src=\"https:\/\/fwccamericas.org\/wp-content\/uploads\/2025\/10\/friends-in-americas-map_es_h-1024x430.png\" class=\"attachment-large size-large wp-image-1632\" alt=\"\" srcset=\"https:\/\/fwccamericas.org\/wp-content\/uploads\/2025\/10\/friends-in-americas-map_es_h-1024x430.png 1024w, https:\/\/fwccamericas.org\/wp-content\/uploads\/2025\/10\/friends-in-americas-map_es_h-300x126.png 300w, https:\/\/fwccamericas.org\/wp-content\/uploads\/2025\/10\/friends-in-americas-map_es_h-768x322.png 768w, https:\/\/fwccamericas.org\/wp-content\/uploads\/2025\/10\/friends-in-americas-map_es_h.png 1120w\" sizes=\"(max-width: 1024px) 100vw, 1024px\" \/>\t\t\t\t\t\t\t\t<\/a>\n\t\t\t\t\t\t\t\t\t\t\t\t\t\t\t<\/div>\n\t\t\t\t<div class=\"elementor-element elementor-element-d66d45e elementor-widget elementor-widget-text-editor\" data-id=\"d66d45e\" data-element_type=\"widget\" data-e-type=\"widget\" data-widget_type=\"text-editor.default\">\n\t\t\t\t\t\t\t\t\t<p><strong><span style=\"text-decoration: underline;\"><a title=\"Calendar of Yearly Meetings in the Americas\" href=\"\/es\/juntasanuales\">Vea el calendario <\/a><\/span><\/strong>para encontrar fechas de las pr\u00f3ximas juntas anuales.<\/p>\t\t\t\t\t\t\t\t<\/div>\n\t\t\t\t\t<\/div>\n\t\t\t\t<\/div>\n\t\t<div class=\"elementor-element elementor-element-eb17ed8 e-flex e-con-boxed e-con e-parent\" data-id=\"eb17ed8\" data-element_type=\"container\" data-e-type=\"container\" data-settings=\"{&quot;background_background&quot;:&quot;classic&quot;}\">\n\t\t\t\t\t<div class=\"e-con-inner\">\n\t\t<div class=\"elementor-element elementor-element-edb8b74 e-con-full e-flex e-con e-child\" data-id=\"edb8b74\" data-element_type=\"container\" data-e-type=\"container\" data-settings=\"{&quot;background_background&quot;:&quot;classic&quot;}\">\n\t\t<div class=\"elementor-element elementor-element-f85d81d e-flex e-con-boxed e-con e-child\" data-id=\"f85d81d\" data-element_type=\"container\" data-e-type=\"container\">\n\t\t\t\t\t<div class=\"e-con-inner\">\n\t\t\t\t<div class=\"elementor-element elementor-element-7de5bed elementor-widget elementor-widget-heading\" data-id=\"7de5bed\" data-element_type=\"widget\" data-e-type=\"widget\" data-widget_type=\"heading.default\">\n\t\t\t\t\t<h2 class=\"elementor-heading-title elementor-size-default\">Amigos alrededor del mundo<\/h2>\t\t\t\t<\/div>\n\t\t\t\t<div class=\"elementor-element elementor-element-f17a44e elementor-widget elementor-widget-text-editor\" data-id=\"f17a44e\" data-element_type=\"widget\" data-e-type=\"widget\" data-widget_type=\"text-editor.default\">\n\t\t\t\t\t\t\t\t\t<div class=\"content\"><main class=\"main-content\" role=\"main\"><\/main><section class=\"callout-bar\"><div class=\"container\"><div class=\"callout__content\"><div class=\"callout__text\"><div><p>Encuentra informaci\u00f3n de contacto de otras secciones de todo el mundo.<\/p><\/div><footer class=\"main-footer\" role=\"contentinfo\"><\/footer><\/div><\/div><\/div><\/section><\/div><footer class=\"main-footer\" role=\"contentinfo\"><\/footer>\t\t\t\t\t\t\t\t<\/div>\n\t\t\t\t\t<\/div>\n\t\t\t\t<\/div>\n\t\t<div class=\"elementor-element elementor-element-706e9df e-flex e-con-boxed e-con e-child\" data-id=\"706e9df\" data-element_type=\"container\" data-e-type=\"container\">\n\t\t\t\t\t<div class=\"e-con-inner\">\n\t\t\t\t<div class=\"elementor-element elementor-element-134b332 elementor-align-center elementor-widget elementor-widget-button\" data-id=\"134b332\" data-element_type=\"widget\" data-e-type=\"widget\" data-widget_type=\"button.default\">\n\t\t\t\t\t\t\t\t\t\t<a class=\"elementor-button elementor-button-link elementor-size-sm\" href=\"\/es\/liderazgo\/#sectioncontact\">\n\t\t\t\t\t\t<span class=\"elementor-button-content-wrapper\">\n\t\t\t\t\t\t\t\t\t<span class=\"elementor-button-text\">ENCUENTRA INFORMACI\u00d3N<\/span>\n\t\t\t\t\t<\/span>\n\t\t\t\t\t<\/a>\n\t\t\t\t\t\t\t\t<\/div>\n\t\t\t\t\t<\/div>\n\t\t\t\t<\/div>\n\t\t\t\t<\/div>\n\t\t\t\t\t<\/div>\n\t\t\t\t<\/div>\n\t\t\t\t<\/div>\n\t\t","protected":false},"excerpt":{"rendered":"<p>Bienvenido a la versi\u00f3n de prueba del nuevo mapa Find Friends. Env\u00ede un correo electr\u00f3nico a gilg@fwccamericas.org con comentarios, errores u otros comentarios que tenga. Si nota un error en los datos de su reuni\u00f3n o iglesia, utilice el enlace en la parte inferior de cada entrada para enviar las correcciones. Juntas Anuales en las [&hellip;]<\/p>\n","protected":false},"author":1,"featured_media":0,"parent":0,"menu_order":0,"comment_status":"closed","ping_status":"closed","template":"elementor_header_footer","meta":{"footnotes":""},"class_list":["post-1630","page","type-page","status-publish","hentry"],"aioseo_notices":[],"_links":{"self":[{"href":"https:\/\/fwccamericas.org\/es\/wp-json\/wp\/v2\/pages\/1630","targetHints":{"allow":["GET"]}}],"collection":[{"href":"https:\/\/fwccamericas.org\/es\/wp-json\/wp\/v2\/pages"}],"about":[{"href":"https:\/\/fwccamericas.org\/es\/wp-json\/wp\/v2\/types\/page"}],"author":[{"embeddable":true,"href":"https:\/\/fwccamericas.org\/es\/wp-json\/wp\/v2\/users\/1"}],"replies":[{"embeddable":true,"href":"https:\/\/fwccamericas.org\/es\/wp-json\/wp\/v2\/comments?post=1630"}],"version-history":[{"count":10,"href":"https:\/\/fwccamericas.org\/es\/wp-json\/wp\/v2\/pages\/1630\/revisions"}],"predecessor-version":[{"id":4600,"href":"https:\/\/fwccamericas.org\/es\/wp-json\/wp\/v2\/pages\/1630\/revisions\/4600"}],"wp:attachment":[{"href":"https:\/\/fwccamericas.org\/es\/wp-json\/wp\/v2\/media?parent=1630"}],"curies":[{"name":"wp","href":"https:\/\/api.w.org\/{rel}","templated":true}]}}