{"id":1604,"date":"2025-09-09T04:23:43","date_gmt":"2025-09-09T11:23:43","guid":{"rendered":"https:\/\/fwccamericas.org\/"},"modified":"2026-03-10T13:26:02","modified_gmt":"2026-03-10T20:26:02","slug":"es","status":"publish","type":"page","link":"https:\/\/fwccamericas.org\/es","title":{"rendered":"Pagina Principal"},"content":{"rendered":"\t\t<div data-elementor-type=\"wp-page\" data-elementor-id=\"1604\" class=\"elementor elementor-1604 elementor-72\">\n\t\t\t\t<div class=\"elementor-element elementor-element-dca51f5 e-con-full e-flex e-con e-parent\" data-id=\"dca51f5\" data-element_type=\"container\" data-e-type=\"container\" data-settings=\"{&quot;background_background&quot;:&quot;classic&quot;}\">\n\t\t\t\t<div class=\"elementor-element elementor-element-4b3aa01 raven--h-position-center raven--v-position-middle elementor-arrows-position-inside elementor-pagination-position-inside elementor-widget elementor-widget-raven-slider\" data-id=\"4b3aa01\" data-element_type=\"widget\" data-e-type=\"widget\" data-settings=\"{&quot;navigation&quot;:&quot;both&quot;,&quot;autoplay&quot;:&quot;yes&quot;,&quot;pause_on_hover&quot;:&quot;yes&quot;,&quot;pause_on_interaction&quot;:&quot;yes&quot;,&quot;autoplay_speed&quot;:5000,&quot;infinite&quot;:&quot;yes&quot;,&quot;transition&quot;:&quot;slide&quot;,&quot;transition_speed&quot;:500}\" data-widget_type=\"raven-slider.default\">\n\t\t\t\t<div class=\"elementor-widget-container\">\n\t\t\t\t\t\t\t<div class=\"elementor-swiper\">\n\t\t\t<div class=\"raven-slider-wrapper elementor-main-swiper swiper\" dir=\"ltr\" data-animation=\"fadeInUp\">\n\t\t\t\t<div class=\"swiper-wrapper raven-slider\">\n\t\t\t\t\t\t\t\t\t\t<div class=\"elementor-repeater-item-b30ca01 swiper-slide\"><div style=\"background-image: url(https:\/\/fwccamericas.org\/wp-content\/uploads\/2026\/01\/Love-Your-Neighbor.jpg)\" class=\"swiper-slide-bg\"><\/div><div class=\"elementor-background-overlay\"><\/div><a class=\"swiper-slide-inner\" href=\"https:\/\/sites.google.com\/fwccamericas.org\/sectionmeeting2026\/home\"><div class=\"swiper-slide-contents\"><div class=\"raven-slide-heading\">Reuni\u00f3n en l\u00ednea de la secci\u00f3n de las Am\u00e9ricas de CMCA 2026<\/div><div class=\"raven-slide-description\">\u00danase a nosotros el 21 de marzo de 2026 a las 16:00 UTC.<\/div><div  class=\"elementor-button raven-slide-button elementor-size-md\">Reg\u00edstrate aqu\u00ed<\/div><\/div><\/a><\/div><div class=\"elementor-repeater-item-21e539a swiper-slide\"><div style=\"background-image: url(https:\/\/fwccamericas.org\/wp-content\/uploads\/2025\/09\/Qconnect-slider-scaled.png)\" class=\"swiper-slide-bg\"><\/div><div class=\"elementor-background-overlay\"><\/div><a class=\"swiper-slide-inner\" href=\"https:\/\/www.quakerconnect.org\/es\/\"><div class=\"swiper-slide-contents\"><div class=\"raven-slide-heading\">Quaker Connect: Un programa para congregaciones florecientes<\/div><div class=\"raven-slide-description\">Obt\u00e9n m\u00e1s informaci\u00f3n sobre este emocionante programa para Reuniones y Congregaciones de Amigos.<\/div><div  class=\"elementor-button raven-slide-button elementor-size-md\">APRENDE M\u00c1S<\/div><\/div><\/a><\/div><div class=\"elementor-repeater-item-4273f72 swiper-slide\"><div style=\"background-image: url(https:\/\/fwccamericas.org\/wp-content\/uploads\/2025\/09\/meeting.jpg)\" class=\"swiper-slide-bg\"><\/div><div class=\"elementor-background-overlay\"><\/div><a class=\"swiper-slide-inner\" href=\"https:\/\/fwccamericas.org\/es\/glosario\"><div class=\"swiper-slide-contents\"><div class=\"raven-slide-heading\">Glosario Cu\u00e1quero Digital<\/div><div class=\"raven-slide-description\">Cerrando brechas ling\u00fc\u00edsticas<\/div><div  class=\"elementor-button raven-slide-button elementor-size-md\">APRENDE M\u00c1S<\/div><\/div><\/a><\/div><div class=\"elementor-repeater-item-37d2004 swiper-slide\"><div style=\"background-image: url(https:\/\/fwccamericas.org\/wp-content\/uploads\/2025\/09\/find-friends.jpg)\" class=\"swiper-slide-bg\"><\/div><div class=\"elementor-background-overlay\"><\/div><a class=\"swiper-slide-inner\" href=\"https:\/\/fwccamericas.org\/es\/encontraramigos\"><div class=\"swiper-slide-contents\"><div class=\"raven-slide-heading\">Mapa Mundial de los Cu\u00e1queros<\/div><div class=\"raven-slide-description\">Descubre reuniones y congregaciones de Amigos, tanto en l\u00ednea como presenciales.<\/div><div  class=\"elementor-button raven-slide-button elementor-size-md\">ENCONTRAR AMIGOS<\/div><\/div><\/a><\/div><div class=\"elementor-repeater-item-2165049 swiper-slide\"><div style=\"background-image: url(https:\/\/fwccamericas.org\/wp-content\/uploads\/2025\/09\/prayer.jpg)\" class=\"swiper-slide-bg\"><\/div><div class=\"elementor-background-overlay\"><\/div><a class=\"swiper-slide-inner\" href=\"https:\/\/fwccamericas.org\/es\/done\"><div class=\"swiper-slide-contents\"><div class=\"raven-slide-heading\">Fortaleciendo Nuestra Comunidad Cu\u00e1quera<\/div><div class=\"raven-slide-description\">\u00a1Empieza contigo!<\/div><div  class=\"elementor-button raven-slide-button elementor-size-md\">DONA HOY<\/div><\/div><\/a><\/div><div class=\"elementor-repeater-item-5514113 swiper-slide\"><div style=\"background-image: url(https:\/\/fwccamericas.org\/wp-content\/uploads\/2025\/09\/weaving-tapestry.jpg)\" class=\"swiper-slide-bg\"><\/div><div class=\"elementor-background-overlay\"><\/div><a class=\"swiper-slide-inner\" href=\"https:\/\/fwccamericas.org\/es\/sobrecmca\"><div class=\"swiper-slide-contents\"><div class=\"raven-slide-heading\">Visualizamos una red pr\u00f3spera e integrada de Amigos, entrelazada en una fe transformadora, aprendiendo a amar, escuchar y dar testimonio.<\/div><div  class=\"elementor-button raven-slide-button elementor-size-md\">M\u00c1S SOBRE FWCC<\/div><\/div><\/a><\/div>\t\t\t\t<\/div>\n\t\t\t\t\t\t\t\t\t\t\t\t\t\t\t<div class=\"swiper-pagination\"><\/div>\n\t\t\t\t\t\t\t\t\t\t\t\t\t\t\t\t<div class=\"elementor-swiper-button elementor-swiper-button-prev\">\n\t\t\t\t\t\t\t<svg aria-hidden=\"true\" class=\"e-font-icon-svg e-eicon-chevron-left\" viewBox=\"0 0 1000 1000\" xmlns=\"http:\/\/www.w3.org\/2000\/svg\"><path d=\"M646 125C629 125 613 133 604 142L308 442C296 454 292 471 292 487 292 504 296 521 308 533L604 854C617 867 629 875 646 875 663 875 679 871 692 858 704 846 713 829 713 812 713 796 708 779 692 767L438 487 692 225C700 217 708 204 708 187 708 171 704 154 692 142 675 129 663 125 646 125Z\"><\/path><\/svg>\t\t\t\t\t\t\t<span class=\"elementor-screen-only\">Previous<\/span>\n\t\t\t\t\t\t<\/div>\n\t\t\t\t\t\t<div class=\"elementor-swiper-button elementor-swiper-button-next\">\n\t\t\t\t\t\t\t<svg aria-hidden=\"true\" class=\"e-font-icon-svg e-eicon-chevron-right\" viewBox=\"0 0 1000 1000\" xmlns=\"http:\/\/www.w3.org\/2000\/svg\"><path d=\"M696 533C708 521 713 504 713 487 713 471 708 454 696 446L400 146C388 133 375 125 354 125 338 125 325 129 313 142 300 154 292 171 292 187 292 204 296 221 308 233L563 492 304 771C292 783 288 800 288 817 288 833 296 850 308 863 321 871 338 875 354 875 371 875 388 867 400 854L696 533Z\"><\/path><\/svg>\t\t\t\t\t\t\t<span class=\"elementor-screen-only\">Next<\/span>\n\t\t\t\t\t\t<\/div>\n\t\t\t\t\t\t\t\t\t\t\t\t<\/div>\n\t\t<\/div>\n\t\t\t\t\t\t<\/div>\n\t\t\t\t<\/div>\n\t\t\t\t<\/div>\n\t\t<div class=\"elementor-element elementor-element-347e27c e-flex e-con-boxed e-con e-parent\" data-id=\"347e27c\" data-element_type=\"container\" data-e-type=\"container\" data-settings=\"{&quot;background_background&quot;:&quot;classic&quot;}\">\n\t\t\t\t\t<div class=\"e-con-inner\">\n\t\t\t\t<div class=\"elementor-element elementor-element-26aa23e elementor-widget elementor-widget-heading\" data-id=\"26aa23e\" data-element_type=\"widget\" data-e-type=\"widget\" data-widget_type=\"heading.default\">\n\t\t\t\t\t<h1 class=\"elementor-heading-title elementor-size-default\">Bienvenidos al Comit\u00e9 Mundial de Consulta de los Amigos: Secci\u00f3n de las Am\u00e9ricas<\/h1>\t\t\t\t<\/div>\n\t\t\t\t\t<\/div>\n\t\t\t\t<\/div>\n\t\t<div class=\"elementor-element elementor-element-fcac367 e-flex e-con-boxed e-con e-parent\" data-id=\"fcac367\" data-element_type=\"container\" data-e-type=\"container\">\n\t\t\t\t\t<div class=\"e-con-inner\">\n\t\t\t\t<div class=\"elementor-element elementor-element-c0cb610 elementor-widget__width-initial elementor-widget elementor-widget-heading\" data-id=\"c0cb610\" data-element_type=\"widget\" data-e-type=\"widget\" data-widget_type=\"heading.default\">\n\t\t\t\t\t<h2 class=\"elementor-heading-title elementor-size-default\">En las Am\u00e9ricas, la comunidad cu\u00e1quera se extiende desde el \u00c1rtico hasta los Andes, abarcando una rica diversidad de culturas regionales, creencias y estilos de adoraci\u00f3n.<\/h2>\t\t\t\t<\/div>\n\t\t\t\t<div class=\"elementor-element elementor-element-b15bc5e elementor-widget__width-initial elementor-widget elementor-widget-text-editor\" data-id=\"b15bc5e\" data-element_type=\"widget\" data-e-type=\"widget\" data-widget_type=\"text-editor.default\">\n\t\t\t\t\t\t\t\t\t<p>Respondiendo al llamado de Dios al amor universal, el Comit\u00e9 Mundial de Amigos para la Consulta re\u00fane a Amigos de diversas tradiciones y experiencias culturales en adoraci\u00f3n, comunicaci\u00f3n y consulta, para expresar nuestra herencia com\u00fan y nuestro mensaje cu\u00e1quero al mundo.<\/p>\t\t\t\t\t\t\t\t<\/div>\n\t\t\t\t\t<\/div>\n\t\t\t\t<\/div>\n\t\t<div class=\"elementor-element elementor-element-5996059 e-con-full e-flex e-con e-parent\" data-id=\"5996059\" data-element_type=\"container\" data-e-type=\"container\" data-settings=\"{&quot;background_background&quot;:&quot;classic&quot;}\">\n\t\t<div class=\"elementor-element elementor-element-d4f9b20 e-flex e-con-boxed e-con e-child\" data-id=\"d4f9b20\" data-element_type=\"container\" data-e-type=\"container\" data-settings=\"{&quot;background_background&quot;:&quot;classic&quot;}\">\n\t\t\t\t\t<div class=\"e-con-inner\">\n\t\t<div class=\"elementor-element elementor-element-9722006 e-con-full elementor-hidden-tablet elementor-hidden-mobile e-flex e-con e-child\" data-id=\"9722006\" data-element_type=\"container\" data-e-type=\"container\">\n\t\t\t\t<\/div>\n\t\t<div class=\"elementor-element elementor-element-ae5eeea e-con-full e-flex e-con e-child\" data-id=\"ae5eeea\" data-element_type=\"container\" data-e-type=\"container\">\n\t\t\t\t<div class=\"elementor-element elementor-element-fadeee4 elementor-position-top elementor-widget elementor-widget-image-box\" data-id=\"fadeee4\" data-element_type=\"widget\" data-e-type=\"widget\" data-widget_type=\"image-box.default\">\n\t\t\t\t\t<div class=\"elementor-image-box-wrapper\"><figure class=\"elementor-image-box-img\"><a href=\"https:\/\/fwccamericas.org\/es\/pregunte\" tabindex=\"-1\"><img fetchpriority=\"high\" decoding=\"async\" width=\"400\" height=\"300\" src=\"https:\/\/fwccamericas.org\/wp-content\/uploads\/2025\/09\/quicklink_ask-a-friend.jpg\" class=\"attachment-full size-full wp-image-1600\" alt=\"Quakers greeting each other with smiles and laughter\" srcset=\"https:\/\/fwccamericas.org\/wp-content\/uploads\/2025\/09\/quicklink_ask-a-friend.jpg 400w, https:\/\/fwccamericas.org\/wp-content\/uploads\/2025\/09\/quicklink_ask-a-friend-300x225.jpg 300w\" sizes=\"(max-width: 400px) 100vw, 400px\" \/><\/a><\/figure><div class=\"elementor-image-box-content\"><h3 class=\"elementor-image-box-title\"><a href=\"https:\/\/fwccamericas.org\/es\/pregunte\">Pregunte a un Amigo<\/a><\/h3><p class=\"elementor-image-box-description\">Con\u00e9ctate con los Cu\u00e1queros de coraz\u00f3n a coraz\u00f3n:\u200b<\/p><\/div><\/div>\t\t\t\t<\/div>\n\t\t\t\t<div class=\"elementor-element elementor-element-5bf2734 elementor-align-center elementor-widget elementor-widget-button\" data-id=\"5bf2734\" data-element_type=\"widget\" data-e-type=\"widget\" data-widget_type=\"button.default\">\n\t\t\t\t\t\t\t\t\t\t<a class=\"elementor-button elementor-button-link elementor-size-sm\" href=\"https:\/\/fwccamericas.org\/es\/pregunte\">\n\t\t\t\t\t\t<span class=\"elementor-button-content-wrapper\">\n\t\t\t\t\t\t\t\t\t<span class=\"elementor-button-text\">COMPARTE UNA PREGUNTA<\/span>\n\t\t\t\t\t<\/span>\n\t\t\t\t\t<\/a>\n\t\t\t\t\t\t\t\t<\/div>\n\t\t\t\t<\/div>\n\t\t<div class=\"elementor-element elementor-element-aa1d1c3 e-con-full elementor-hidden-tablet elementor-hidden-mobile e-flex e-con e-child\" data-id=\"aa1d1c3\" data-element_type=\"container\" data-e-type=\"container\">\n\t\t\t\t<\/div>\n\t\t<div class=\"elementor-element elementor-element-475297f e-con-full e-flex e-con e-child\" data-id=\"475297f\" data-element_type=\"container\" data-e-type=\"container\">\n\t\t\t\t<div class=\"elementor-element elementor-element-f046553 elementor-position-top elementor-widget elementor-widget-image-box\" data-id=\"f046553\" data-element_type=\"widget\" data-e-type=\"widget\" data-widget_type=\"image-box.default\">\n\t\t\t\t\t<div class=\"elementor-image-box-wrapper\"><figure class=\"elementor-image-box-img\"><a href=\"https:\/\/fwccamericas.org\/es\/encontraramigos\" tabindex=\"-1\"><img decoding=\"async\" width=\"400\" height=\"300\" src=\"https:\/\/fwccamericas.org\/wp-content\/uploads\/2025\/09\/quicklink_directory.jpg\" class=\"attachment-full size-full wp-image-1601\" alt=\"Friends looking at a world map together\" srcset=\"https:\/\/fwccamericas.org\/wp-content\/uploads\/2025\/09\/quicklink_directory.jpg 400w, https:\/\/fwccamericas.org\/wp-content\/uploads\/2025\/09\/quicklink_directory-300x225.jpg 300w\" sizes=\"(max-width: 400px) 100vw, 400px\" \/><\/a><\/figure><div class=\"elementor-image-box-content\"><h3 class=\"elementor-image-box-title\"><a href=\"https:\/\/fwccamericas.org\/es\/encontraramigos\">Directorio<\/a><\/h3><p class=\"elementor-image-box-description\">Encuentra listas de iglesias y reuniones cerca de ti:<\/p><\/div><\/div>\t\t\t\t<\/div>\n\t\t\t\t<div class=\"elementor-element elementor-element-f8378ad elementor-align-center elementor-widget elementor-widget-button\" data-id=\"f8378ad\" data-element_type=\"widget\" data-e-type=\"widget\" data-widget_type=\"button.default\">\n\t\t\t\t\t\t\t\t\t\t<a class=\"elementor-button elementor-button-link elementor-size-sm\" href=\"https:\/\/fwccamericas.org\/es\/encontraramigos\">\n\t\t\t\t\t\t<span class=\"elementor-button-content-wrapper\">\n\t\t\t\t\t\t\t\t\t<span class=\"elementor-button-text\">ENCONTRAR AMIGOS<\/span>\n\t\t\t\t\t<\/span>\n\t\t\t\t\t<\/a>\n\t\t\t\t\t\t\t\t<\/div>\n\t\t\t\t<\/div>\n\t\t<div class=\"elementor-element elementor-element-34db607 e-con-full elementor-hidden-tablet elementor-hidden-mobile e-flex e-con e-child\" data-id=\"34db607\" data-element_type=\"container\" data-e-type=\"container\">\n\t\t\t\t<\/div>\n\t\t<div class=\"elementor-element elementor-element-5a42f01 e-con-full e-flex e-con e-child\" data-id=\"5a42f01\" data-element_type=\"container\" data-e-type=\"container\">\n\t\t\t\t<div class=\"elementor-element elementor-element-fe39441 elementor-position-top elementor-widget elementor-widget-image-box\" data-id=\"fe39441\" data-element_type=\"widget\" data-e-type=\"widget\" data-widget_type=\"image-box.default\">\n\t\t\t\t\t<div class=\"elementor-image-box-wrapper\"><figure class=\"elementor-image-box-img\"><a href=\"https:\/\/fwccamericas.org\/es\/pensamiento\" tabindex=\"-1\"><img decoding=\"async\" width=\"400\" height=\"300\" src=\"https:\/\/fwccamericas.org\/wp-content\/uploads\/2025\/09\/quicklink_quaker-thought-today.jpg\" class=\"attachment-full size-full wp-image-1602\" alt=\"A man reading a book in a cafe\" srcset=\"https:\/\/fwccamericas.org\/wp-content\/uploads\/2025\/09\/quicklink_quaker-thought-today.jpg 400w, https:\/\/fwccamericas.org\/wp-content\/uploads\/2025\/09\/quicklink_quaker-thought-today-300x225.jpg 300w\" sizes=\"(max-width: 400px) 100vw, 400px\" \/><\/a><\/figure><div class=\"elementor-image-box-content\"><h3 class=\"elementor-image-box-title\"><a href=\"https:\/\/fwccamericas.org\/es\/pensamiento\">Pensamiento Cu\u00e1quero Actual<\/a><\/h3><p class=\"elementor-image-box-description\">Conversaciones actuales por y sobre los Cu\u00e1queros:<\/p><\/div><\/div>\t\t\t\t<\/div>\n\t\t\t\t<div class=\"elementor-element elementor-element-d6e235a elementor-align-center elementor-widget elementor-widget-button\" data-id=\"d6e235a\" data-element_type=\"widget\" data-e-type=\"widget\" data-widget_type=\"button.default\">\n\t\t\t\t\t\t\t\t\t\t<a class=\"elementor-button elementor-button-link elementor-size-sm\" href=\"https:\/\/fwccamericas.org\/es\/pensamiento\">\n\t\t\t\t\t\t<span class=\"elementor-button-content-wrapper\">\n\t\t\t\t\t\t\t\t\t<span class=\"elementor-button-text\">LEE M\u00c1S<\/span>\n\t\t\t\t\t<\/span>\n\t\t\t\t\t<\/a>\n\t\t\t\t\t\t\t\t<\/div>\n\t\t\t\t<\/div>\n\t\t<div class=\"elementor-element elementor-element-13b25f7 e-con-full elementor-hidden-tablet elementor-hidden-mobile e-flex e-con e-child\" data-id=\"13b25f7\" data-element_type=\"container\" data-e-type=\"container\">\n\t\t\t\t<\/div>\n\t\t\t\t\t<\/div>\n\t\t\t\t<\/div>\n\t\t\t\t<\/div>\n\t\t\t\t<\/div>\n\t\t","protected":false},"excerpt":{"rendered":"<p>Reuni\u00f3n en l\u00ednea de la secci\u00f3n de las Am\u00e9ricas de CMCA 2026\u00danase a nosotros el 21 de marzo de 2026 a las 16:00 UTC.Reg\u00edstrate aqu\u00edQuaker Connect: Un programa para congregaciones florecientesObt\u00e9n m\u00e1s informaci\u00f3n sobre este emocionante programa para Reuniones y Congregaciones de Amigos.APRENDE M\u00c1SGlosario Cu\u00e1quero DigitalCerrando brechas ling\u00fc\u00edsticasAPRENDE M\u00c1SMapa Mundial de los Cu\u00e1querosDescubre reuniones y [&hellip;]<\/p>\n","protected":false},"author":1,"featured_media":0,"parent":0,"menu_order":0,"comment_status":"closed","ping_status":"closed","template":"elementor_header_footer","meta":{"footnotes":""},"class_list":["post-1604","page","type-page","status-publish","hentry"],"aioseo_notices":[],"_links":{"self":[{"href":"https:\/\/fwccamericas.org\/es\/wp-json\/wp\/v2\/pages\/1604","targetHints":{"allow":["GET"]}}],"collection":[{"href":"https:\/\/fwccamericas.org\/es\/wp-json\/wp\/v2\/pages"}],"about":[{"href":"https:\/\/fwccamericas.org\/es\/wp-json\/wp\/v2\/types\/page"}],"author":[{"embeddable":true,"href":"https:\/\/fwccamericas.org\/es\/wp-json\/wp\/v2\/users\/1"}],"replies":[{"embeddable":true,"href":"https:\/\/fwccamericas.org\/es\/wp-json\/wp\/v2\/comments?post=1604"}],"version-history":[{"count":10,"href":"https:\/\/fwccamericas.org\/es\/wp-json\/wp\/v2\/pages\/1604\/revisions"}],"predecessor-version":[{"id":4396,"href":"https:\/\/fwccamericas.org\/es\/wp-json\/wp\/v2\/pages\/1604\/revisions\/4396"}],"wp:attachment":[{"href":"https:\/\/fwccamericas.org\/es\/wp-json\/wp\/v2\/media?parent=1604"}],"curies":[{"name":"wp","href":"https:\/\/api.w.org\/{rel}","templated":true}]}}