{"id":1285,"date":"2025-10-06T18:04:18","date_gmt":"2025-10-07T01:04:18","guid":{"rendered":"https:\/\/fwccamericas.org\/es-glosario\/"},"modified":"2026-03-13T09:53:26","modified_gmt":"2026-03-13T16:53:26","slug":"glosario","status":"publish","type":"page","link":"https:\/\/fwccamericas.org\/es\/glosario","title":{"rendered":"Glosario Cu\u00e1quero Digital"},"content":{"rendered":"\t\t<div data-elementor-type=\"wp-page\" data-elementor-id=\"1285\" class=\"elementor elementor-1285 elementor-272\">\n\t\t\t\t<div class=\"elementor-element elementor-element-be3ad62 e-flex e-con-boxed e-con e-parent\" data-id=\"be3ad62\" data-element_type=\"container\" data-e-type=\"container\">\n\t\t\t\t\t<div class=\"e-con-inner\">\n\t\t<div class=\"elementor-element elementor-element-9d2141c e-con-full e-flex e-con e-child\" data-id=\"9d2141c\" data-element_type=\"container\" data-e-type=\"container\">\n\t\t<div class=\"elementor-element elementor-element-f501c4c e-con-full e-flex e-con e-child\" data-id=\"f501c4c\" data-element_type=\"container\" data-e-type=\"container\">\n\t\t\t\t<div class=\"elementor-element elementor-element-0c8592c elementor-invisible elementor-widget elementor-widget-heading\" data-id=\"0c8592c\" data-element_type=\"widget\" data-e-type=\"widget\" data-settings=\"{&quot;_animation&quot;:&quot;fadeInLeft&quot;}\" data-widget_type=\"heading.default\">\n\t\t\t\t\t<h1 class=\"elementor-heading-title elementor-size-default\">Glosario Cu\u00e1quero Digital<\/h1>\t\t\t\t<\/div>\n\t\t\t\t<\/div>\n\t\t<div class=\"elementor-element elementor-element-8cd5f2e e-con-full e-flex e-con e-child\" data-id=\"8cd5f2e\" data-element_type=\"container\" data-e-type=\"container\">\n\t\t\t\t<div class=\"elementor-element elementor-element-451e2f8 elementor-widget elementor-widget-image\" data-id=\"451e2f8\" data-element_type=\"widget\" data-e-type=\"widget\" data-widget_type=\"image.default\">\n\t\t\t\t\t\t\t\t\t\t\t\t\t\t\t<img fetchpriority=\"high\" decoding=\"async\" width=\"1024\" height=\"457\" src=\"https:\/\/fwccamericas.org\/wp-content\/uploads\/2025\/10\/glossary-1024x457.jpg\" class=\"attachment-large size-large wp-image-274\" alt=\"A large group of Friends photographed from above\" srcset=\"https:\/\/fwccamericas.org\/wp-content\/uploads\/2025\/10\/glossary-1024x457.jpg 1024w, https:\/\/fwccamericas.org\/wp-content\/uploads\/2025\/10\/glossary-300x134.jpg 300w, https:\/\/fwccamericas.org\/wp-content\/uploads\/2025\/10\/glossary-768x343.jpg 768w, https:\/\/fwccamericas.org\/wp-content\/uploads\/2025\/10\/glossary.jpg 1120w\" sizes=\"(max-width: 1024px) 100vw, 1024px\" \/>\t\t\t\t\t\t\t\t\t\t\t\t\t\t\t<\/div>\n\t\t\t\t<\/div>\n\t\t\t\t<\/div>\n\t\t<div class=\"elementor-element elementor-element-b05033b e-con-full e-flex e-con e-child\" data-id=\"b05033b\" data-element_type=\"container\" data-e-type=\"container\">\n\t\t\t\t<div class=\"elementor-element elementor-element-b3237da elementor-widget elementor-widget-shortcode\" data-id=\"b3237da\" data-element_type=\"widget\" data-e-type=\"widget\" data-widget_type=\"shortcode.default\">\n\t\t\t\t\t\t\t<div class=\"elementor-shortcode\">  <div id=\"quaker-glossary-frame-wrap\"\n       style=\"position:relative;width:100%;min-height:850px;\">\n    <iframe id=\"quaker-glossary-frame\"\n            src=\"https:\/\/quakerglossary.org\/\"\n            style=\"width:100%;height:100%;border:0;display:block;\"\n            title=\"Quaker Glossary\"\n            loading=\"lazy\"\n            referrerpolicy=\"no-referrer-when-downgrade\"\n            allow=\"clipboard-read; clipboard-write; fullscreen; geolocation; camera; microphone; payment\">\n    <\/iframe>\n  <\/div>\n  <script>\n    (function () {\n      function fit() {\n        var wrap = document.getElementById('quaker-glossary-frame-wrap');\n        if (!wrap) return;\n        var rect = wrap.getBoundingClientRect();\n        var h = Math.max(window.innerHeight - rect.top - 0, 850);\n        wrap.style.height = h + 'px';\n      }\n      if (document.readyState !== 'loading') { fit(); }\n      else { document.addEventListener('DOMContentLoaded', fit); }\n      window.addEventListener('resize', fit);\n    })();\n  <\/script>\n  \n<\/div>\n\t\t\t\t\t\t<\/div>\n\t\t\t\t<\/div>\n\t\t<div class=\"elementor-element elementor-element-1255975 e-con-full e-flex e-con e-child\" data-id=\"1255975\" data-element_type=\"container\" data-e-type=\"container\">\n\t\t<div class=\"elementor-element elementor-element-ce94052 e-con-full e-flex e-con e-child\" data-id=\"ce94052\" data-element_type=\"container\" data-e-type=\"container\">\n\t\t\t\t<div class=\"elementor-element elementor-element-3a08305 elementor-widget elementor-widget-heading\" data-id=\"3a08305\" data-element_type=\"widget\" data-e-type=\"widget\" data-widget_type=\"heading.default\">\n\t\t\t\t\t<h2 class=\"elementor-heading-title elementor-size-default\">Cu\u00e1queros Alrededor del Mundo<br><br><\/h2>\t\t\t\t<\/div>\n\t\t\t\t<div class=\"elementor-element elementor-element-2dfb3db elementor-widget elementor-widget-text-editor\" data-id=\"2dfb3db\" data-element_type=\"widget\" data-e-type=\"widget\" data-widget_type=\"text-editor.default\">\n\t\t\t\t\t\t\t\t\t<p>Los Cu\u00e1queros hablan mas de 70 idiomas en 85 pa\u00edses en todo el mundo. Por m\u00e1s de 40 a\u00f1os, el Comit\u00e9 Mundial de Consulta de los Amigos, Secci\u00f3n de las Am\u00e9ricas (CMCA) se ha dedicado a llevar a cabo sus asuntos de forma bilingue Espa\u00f1ol-Ingl\u00e9s. Esta larga tradic\u00f3n ha fomentado intercambios significativos entre diferentes tradiciones Cu\u00e1queros a lo largo de toda la Secci\u00f3n. Como consecuencia, la necesidad de majorar la comunicaci\u00f3n entre los diferentes idiomas, ha aumentado.<\/p>\t\t\t\t\t\t\t\t<\/div>\n\t\t\t\t<\/div>\n\t\t\t\t<\/div>\n\t\t<div class=\"elementor-element elementor-element-cebf896 e-con-full e-flex e-con e-child\" data-id=\"cebf896\" data-element_type=\"container\" data-e-type=\"container\">\n\t\t<div class=\"elementor-element elementor-element-5e17946 e-con-full e-flex e-con e-child\" data-id=\"5e17946\" data-element_type=\"container\" data-e-type=\"container\">\n\t\t\t\t<div class=\"elementor-element elementor-element-dfb9ef8 elementor-widget elementor-widget-image\" data-id=\"dfb9ef8\" data-element_type=\"widget\" data-e-type=\"widget\" data-widget_type=\"image.default\">\n\t\t\t\t\t\t\t\t\t\t\t\t\t\t\t<img decoding=\"async\" width=\"900\" height=\"500\" src=\"https:\/\/fwccamericas.org\/wp-content\/uploads\/2025\/10\/word-bridge.jpg\" class=\"attachment-large size-large wp-image-275\" alt=\"A bridge between two people using the word &quot;Words&quot;\" srcset=\"https:\/\/fwccamericas.org\/wp-content\/uploads\/2025\/10\/word-bridge.jpg 900w, https:\/\/fwccamericas.org\/wp-content\/uploads\/2025\/10\/word-bridge-300x167.jpg 300w, https:\/\/fwccamericas.org\/wp-content\/uploads\/2025\/10\/word-bridge-768x427.jpg 768w\" sizes=\"(max-width: 900px) 100vw, 900px\" \/>\t\t\t\t\t\t\t\t\t\t\t\t\t\t\t<\/div>\n\t\t\t\t<\/div>\n\t\t<div class=\"elementor-element elementor-element-c6fc158 e-con-full e-flex e-con e-child\" data-id=\"c6fc158\" data-element_type=\"container\" data-e-type=\"container\">\n\t\t\t\t<div class=\"elementor-element elementor-element-5662073 elementor-widget elementor-widget-heading\" data-id=\"5662073\" data-element_type=\"widget\" data-e-type=\"widget\" data-widget_type=\"heading.default\">\n\t\t\t\t\t<h2 class=\"elementor-heading-title elementor-size-default\">Capacitaci\u00f3n de Int\u00e9rpretes<br><br><\/h2>\t\t\t\t<\/div>\n\t\t\t\t<div class=\"elementor-element elementor-element-2d59217 elementor-widget elementor-widget-text-editor\" data-id=\"2d59217\" data-element_type=\"widget\" data-e-type=\"widget\" data-widget_type=\"text-editor.default\">\n\t\t\t\t\t\t\t\t\t<p>Otro componente vital de este proyecto es la capacitaci\u00f3n constante para nuestros interpretes. Esta capacitaci\u00f3n efectiva entre los diferentes idiomas de nuestra Secci\u00f3n, apoyando y portaleciendo a nuestra amplia y diversa comunidad Cu\u00e1quera.<\/p><div class=\"grid-box-wrap\"><div class=\"grid-box grid-box--third grid-box--red\"> <\/div><\/div>\t\t\t\t\t\t\t\t<\/div>\n\t\t\t\t<\/div>\n\t\t<div class=\"elementor-element elementor-element-92bf787 e-con-full e-flex e-con e-child\" data-id=\"92bf787\" data-element_type=\"container\" data-e-type=\"container\">\n\t\t\t\t<div class=\"elementor-element elementor-element-08d0229 elementor-widget elementor-widget-image\" data-id=\"08d0229\" data-element_type=\"widget\" data-e-type=\"widget\" data-widget_type=\"image.default\">\n\t\t\t\t\t\t\t\t\t\t\t\t\t\t\t<img decoding=\"async\" width=\"900\" height=\"500\" src=\"https:\/\/fwccamericas.org\/wp-content\/uploads\/2025\/10\/word-bridge-spanish.jpg\" class=\"attachment-large size-large wp-image-276\" alt=\"A bridge between two people using the word &quot;Palabras&quot;\" srcset=\"https:\/\/fwccamericas.org\/wp-content\/uploads\/2025\/10\/word-bridge-spanish.jpg 900w, https:\/\/fwccamericas.org\/wp-content\/uploads\/2025\/10\/word-bridge-spanish-300x167.jpg 300w, https:\/\/fwccamericas.org\/wp-content\/uploads\/2025\/10\/word-bridge-spanish-768x427.jpg 768w\" sizes=\"(max-width: 900px) 100vw, 900px\" \/>\t\t\t\t\t\t\t\t\t\t\t\t\t\t\t<\/div>\n\t\t\t\t<\/div>\n\t\t\t\t<\/div>\n\t\t\t\t\t<\/div>\n\t\t\t\t<\/div>\n\t\t<div class=\"elementor-element elementor-element-5ce2a33 e-flex e-con-boxed e-con e-parent\" data-id=\"5ce2a33\" data-element_type=\"container\" data-e-type=\"container\" data-settings=\"{&quot;background_background&quot;:&quot;classic&quot;}\">\n\t\t\t\t\t<div class=\"e-con-inner\">\n\t\t\t\t<div class=\"elementor-element elementor-element-a467ee4 elementor-widget elementor-widget-image\" data-id=\"a467ee4\" data-element_type=\"widget\" data-e-type=\"widget\" data-widget_type=\"image.default\">\n\t\t\t\t\t\t\t\t\t\t\t\t\t\t\t<img loading=\"lazy\" decoding=\"async\" width=\"1024\" height=\"4\" src=\"https:\/\/fwccamericas.org\/wp-content\/uploads\/2025\/11\/Divider-Bar-for-Web-5px-1024x4.jpg\" class=\"attachment-large size-large wp-image-2531\" alt=\"Divider Bar\" srcset=\"https:\/\/fwccamericas.org\/wp-content\/uploads\/2025\/11\/Divider-Bar-for-Web-5px-1024x4.jpg 1024w, https:\/\/fwccamericas.org\/wp-content\/uploads\/2025\/11\/Divider-Bar-for-Web-5px-300x1.jpg 300w, https:\/\/fwccamericas.org\/wp-content\/uploads\/2025\/11\/Divider-Bar-for-Web-5px-768x3.jpg 768w, https:\/\/fwccamericas.org\/wp-content\/uploads\/2025\/11\/Divider-Bar-for-Web-5px.jpg 1440w\" sizes=\"(max-width: 1024px) 100vw, 1024px\" \/>\t\t\t\t\t\t\t\t\t\t\t\t\t\t\t<\/div>\n\t\t<div class=\"elementor-element elementor-element-7dc3a0c e-con-full e-flex e-con e-child\" data-id=\"7dc3a0c\" data-element_type=\"container\" data-e-type=\"container\">\n\t\t<div class=\"elementor-element elementor-element-e92f30a e-con-full e-flex e-con e-child\" data-id=\"e92f30a\" data-element_type=\"container\" data-e-type=\"container\">\n\t\t\t\t<div class=\"elementor-element elementor-element-a6e2db5 elementor-widget elementor-widget-heading\" data-id=\"a6e2db5\" data-element_type=\"widget\" data-e-type=\"widget\" data-widget_type=\"heading.default\">\n\t\t\t\t\t<h2 class=\"elementor-heading-title elementor-size-default\">Glosario<\/h2>\t\t\t\t<\/div>\n\t\t\t\t<div class=\"elementor-element elementor-element-a37905d elementor-widget elementor-widget-text-editor\" data-id=\"a37905d\" data-element_type=\"widget\" data-e-type=\"widget\" data-widget_type=\"text-editor.default\">\n\t\t\t\t\t\t\t\t\t<p>Eche un vistazo al Glosario Cu\u00e1quero Espa\u00f1ol-Ingl\u00e9s de 1994<br><br><\/p>\t\t\t\t\t\t\t\t<\/div>\n\t\t\t\t<div class=\"elementor-element elementor-element-c35a6a0 elementor-align-center elementor-widget elementor-widget-button\" data-id=\"c35a6a0\" data-element_type=\"widget\" data-e-type=\"widget\" data-widget_type=\"button.default\">\n\t\t\t\t\t\t\t\t\t\t<a class=\"elementor-button elementor-button-link elementor-size-sm\" href=\"https:\/\/fwccamericas.org\/wp-content\/uploads\/2026\/03\/FWCC-Spanish-English-Glossary-1.pdf\">\n\t\t\t\t\t\t<span class=\"elementor-button-content-wrapper\">\n\t\t\t\t\t\t\t\t\t<span class=\"elementor-button-text\">VER EL GLOSARIO<\/span>\n\t\t\t\t\t<\/span>\n\t\t\t\t\t<\/a>\n\t\t\t\t\t\t\t\t<\/div>\n\t\t\t\t<\/div>\n\t\t<div class=\"elementor-element elementor-element-28860cd e-con-full e-flex e-con e-child\" data-id=\"28860cd\" data-element_type=\"container\" data-e-type=\"container\">\n\t\t\t\t<div class=\"elementor-element elementor-element-edd1036 elementor-widget elementor-widget-heading\" data-id=\"edd1036\" data-element_type=\"widget\" data-e-type=\"widget\" data-widget_type=\"heading.default\">\n\t\t\t\t\t<h2 class=\"elementor-heading-title elementor-size-default\">Noticias y Actualizaciones del Glosario<br><\/h2>\t\t\t\t<\/div>\n\t\t\t\t<div class=\"elementor-element elementor-element-8223ae8 elementor-widget elementor-widget-text-editor\" data-id=\"8223ae8\" data-element_type=\"widget\" data-e-type=\"widget\" data-widget_type=\"text-editor.default\">\n\t\t\t\t\t\t\t\t\t<p>Haga clic abajo para completar el formulario si desea recibir m\u00e1s informaci\u00f3n, actualizaciones e invitaciones para participar en las consultas en l\u00ednea.<br><br><\/p>\t\t\t\t\t\t\t\t<\/div>\n\t\t\t\t<div class=\"elementor-element elementor-element-a424e59 elementor-align-center elementor-widget elementor-widget-button\" data-id=\"a424e59\" data-element_type=\"widget\" data-e-type=\"widget\" data-widget_type=\"button.default\">\n\t\t\t\t\t\t\t\t\t\t<a class=\"elementor-button elementor-button-link elementor-size-sm\" href=\"https:\/\/lp.constantcontactpages.com\/sl\/qXzfxRX\/glossary\">\n\t\t\t\t\t\t<span class=\"elementor-button-content-wrapper\">\n\t\t\t\t\t\t\t\t\t<span class=\"elementor-button-text\">SUSCRIBASE PARA RECIBIR ACTUALIZACIONES<\/span>\n\t\t\t\t\t<\/span>\n\t\t\t\t\t<\/a>\n\t\t\t\t\t\t\t\t<\/div>\n\t\t\t\t<\/div>\n\t\t\t\t<\/div>\n\t\t\t\t<div class=\"elementor-element elementor-element-3588f2d elementor-widget elementor-widget-image\" data-id=\"3588f2d\" data-element_type=\"widget\" data-e-type=\"widget\" data-widget_type=\"image.default\">\n\t\t\t\t\t\t\t\t\t\t\t\t\t\t\t<img loading=\"lazy\" decoding=\"async\" width=\"1024\" height=\"4\" src=\"https:\/\/fwccamericas.org\/wp-content\/uploads\/2025\/11\/Divider-Bar-for-Web-5px-1024x4.jpg\" class=\"attachment-large size-large wp-image-2531\" alt=\"Divider Bar\" srcset=\"https:\/\/fwccamericas.org\/wp-content\/uploads\/2025\/11\/Divider-Bar-for-Web-5px-1024x4.jpg 1024w, https:\/\/fwccamericas.org\/wp-content\/uploads\/2025\/11\/Divider-Bar-for-Web-5px-300x1.jpg 300w, https:\/\/fwccamericas.org\/wp-content\/uploads\/2025\/11\/Divider-Bar-for-Web-5px-768x3.jpg 768w, https:\/\/fwccamericas.org\/wp-content\/uploads\/2025\/11\/Divider-Bar-for-Web-5px.jpg 1440w\" sizes=\"(max-width: 1024px) 100vw, 1024px\" \/>\t\t\t\t\t\t\t\t\t\t\t\t\t\t\t<\/div>\n\t\t\t\t\t<\/div>\n\t\t\t\t<\/div>\n\t\t<div class=\"elementor-element elementor-element-7ea566f2 e-flex e-con-boxed e-con e-parent\" data-id=\"7ea566f2\" data-element_type=\"container\" data-e-type=\"container\">\n\t\t\t\t\t<div class=\"e-con-inner\">\n\t\t<div class=\"elementor-element elementor-element-7224ca96 e-con-full e-flex e-con e-child\" data-id=\"7224ca96\" data-element_type=\"container\" data-e-type=\"container\">\n\t\t\t\t<div class=\"elementor-element elementor-element-fdd2fe1 elementor-widget elementor-widget-heading\" data-id=\"fdd2fe1\" data-element_type=\"widget\" data-e-type=\"widget\" data-widget_type=\"heading.default\">\n\t\t\t\t\t<h2 class=\"elementor-heading-title elementor-size-default\">Recursos Adicionales<\/h2>\t\t\t\t<\/div>\n\t\t<div class=\"elementor-element elementor-element-7b3cb2a8 e-con-full e-flex e-con e-child\" data-id=\"7b3cb2a8\" data-element_type=\"container\" data-e-type=\"container\">\n\t\t<div class=\"elementor-element elementor-element-4911a0d1 e-con-full e-flex e-con e-child\" data-id=\"4911a0d1\" data-element_type=\"container\" data-e-type=\"container\">\n\t\t\t\t<div class=\"elementor-element elementor-element-823b73f elementor-widget elementor-widget-video\" data-id=\"823b73f\" data-element_type=\"widget\" data-e-type=\"widget\" data-settings=\"{&quot;youtube_url&quot;:&quot;https:\\\/\\\/youtu.be\\\/SP6bqFAt914?si=aUCBzLLpRyPw-Jeu&quot;,&quot;video_type&quot;:&quot;youtube&quot;,&quot;controls&quot;:&quot;yes&quot;}\" data-widget_type=\"video.default\">\n\t\t\t\t\t\t\t<div class=\"elementor-wrapper elementor-open-inline\">\n\t\t\t<div class=\"elementor-video\"><\/div>\t\t<\/div>\n\t\t\t\t\t\t<\/div>\n\t\t\t\t<\/div>\n\t\t<div class=\"elementor-element elementor-element-63778283 e-con-full e-flex e-con e-child\" data-id=\"63778283\" data-element_type=\"container\" data-e-type=\"container\">\n\t\t\t\t<div class=\"elementor-element elementor-element-5b58777 elementor-widget elementor-widget-video\" data-id=\"5b58777\" data-element_type=\"widget\" data-e-type=\"widget\" data-settings=\"{&quot;youtube_url&quot;:&quot;https:\\\/\\\/youtu.be\\\/Wwds9vqMICk?si=PzLdOlxEtq9UA73c&quot;,&quot;video_type&quot;:&quot;youtube&quot;,&quot;controls&quot;:&quot;yes&quot;}\" data-widget_type=\"video.default\">\n\t\t\t\t\t\t\t<div class=\"elementor-wrapper elementor-open-inline\">\n\t\t\t<div class=\"elementor-video\"><\/div>\t\t<\/div>\n\t\t\t\t\t\t<\/div>\n\t\t\t\t<\/div>\n\t\t<div class=\"elementor-element elementor-element-47f4d92c e-con-full e-flex e-con e-child\" data-id=\"47f4d92c\" data-element_type=\"container\" data-e-type=\"container\">\n\t\t\t\t<div class=\"elementor-element elementor-element-2e70bd8 elementor-widget elementor-widget-video\" data-id=\"2e70bd8\" data-element_type=\"widget\" data-e-type=\"widget\" data-settings=\"{&quot;youtube_url&quot;:&quot;https:\\\/\\\/youtu.be\\\/QnmvTa8HPpg?si=cYa7ZetGprNnbiiU&quot;,&quot;video_type&quot;:&quot;youtube&quot;,&quot;controls&quot;:&quot;yes&quot;}\" data-widget_type=\"video.default\">\n\t\t\t\t\t\t\t<div class=\"elementor-wrapper elementor-open-inline\">\n\t\t\t<div class=\"elementor-video\"><\/div>\t\t<\/div>\n\t\t\t\t\t\t<\/div>\n\t\t\t\t<\/div>\n\t\t\t\t<\/div>\n\t\t<div class=\"elementor-element elementor-element-7898ae8a e-con-full e-flex e-con e-child\" data-id=\"7898ae8a\" data-element_type=\"container\" data-e-type=\"container\">\n\t\t<div class=\"elementor-element elementor-element-611b2086 e-con-full e-flex e-con e-child\" data-id=\"611b2086\" data-element_type=\"container\" data-e-type=\"container\">\n\t\t\t\t<div class=\"elementor-element elementor-element-58ef4363 raven-cta--valign-middle raven-bg-transform raven-bg-transform-move-up raven-cta--skin-classic elementor-widget elementor-widget-raven-call-to-action\" data-id=\"58ef4363\" data-element_type=\"widget\" data-e-type=\"widget\" data-widget_type=\"raven-call-to-action.default\">\n\t\t\t\t<div class=\"elementor-widget-container\">\n\t\t\t\t\t<a  class=\"raven-cta\" href=\"https:\/\/fwccamericas.org\/es\/encontraramigos\">\n\t\t\t\t\t<div class=\"raven-cta__bg-wrapper\">\n\t\t\t\t<div class=\"raven-cta__bg raven-bg\" style=\"background-image: url(https:\/\/fwccamericas.org\/wp-content\/uploads\/2025\/10\/friends-in-americas-map_h-1024x430.png);\"><\/div>\n\t\t\t\t<div class=\"raven-cta__bg-overlay\"><\/div>\n\t\t\t<\/div>\n\t\t\t\t\t\t\t\t\t\t<div class=\"raven-cta__content\">\n\t\t\t\t\n\t\t\t\t<h3 class=\"raven-cta__title raven-cta__content-item elementor-content-item\">Encuentra Amigos<\/h3>\n\t\t\t\t\t\t\t\t\t<div class=\"raven-cta__description raven-cta__content-item elementor-content-item\">\n\t\t\t\t\t\tEncuentre reuniones en l\u00ednea, presenciales y reuniones\/iglesias h\u00edbridas en todo el mundo. \t\t\t\t\t<\/div>\n\t\t\t\t\n\t\t\t\t\t\t\t\t\t<div class=\"raven-cta__button-wrapper raven-cta__content-item elementor-content-item \">\n\t\t\t\t\t<span class=\"raven-cta__button elementor-button \">\n\t\t\t\t\t\tENCONTRAR AMIGOS\t\t\t\t\t<\/span>\n\t\t\t\t\t<\/div>\n\t\t\t\t\n\t\t\t\t\t\t\t<\/div>\n\t\t\t\t<\/a>\n\t\t\t\t\t\t<\/div>\n\t\t\t\t<\/div>\n\t\t\t\t<\/div>\n\t\t<div class=\"elementor-element elementor-element-5075110e e-con-full e-flex e-con e-child\" data-id=\"5075110e\" data-element_type=\"container\" data-e-type=\"container\">\n\t\t\t\t<div class=\"elementor-element elementor-element-2fa9c0ec raven-bg-transform raven-bg-transform-move-down raven-cta--skin-classic elementor-widget elementor-widget-raven-call-to-action\" data-id=\"2fa9c0ec\" data-element_type=\"widget\" data-e-type=\"widget\" data-widget_type=\"raven-call-to-action.default\">\n\t\t\t\t<div class=\"elementor-widget-container\">\n\t\t\t\t\t<a  class=\"raven-cta\" href=\"\/wp-content\/uploads\/2025\/10\/Two-Year-Plan.pdf\">\n\t\t\t\t\t<div class=\"raven-cta__bg-wrapper\">\n\t\t\t\t<div class=\"raven-cta__bg raven-bg\" style=\"background-image: url(https:\/\/fwccamericas.org\/wp-content\/uploads\/2025\/10\/TMC-blessing-2-1024x937.jpg);\"><\/div>\n\t\t\t\t<div class=\"raven-cta__bg-overlay\"><\/div>\n\t\t\t<\/div>\n\t\t\t\t\t\t\t\t\t\t<div class=\"raven-cta__content\">\n\t\t\t\t\n\t\t\t\t<h3 class=\"raven-cta__title raven-cta__content-item elementor-content-item\">Plan de Dos A\u00f1os<\/h3>\n\t\t\t\t\t\t\t\t\t<div class=\"raven-cta__description raven-cta__content-item elementor-content-item\">\n\t\t\t\t\t\tVer el plan de dos a\u00f1os para el Glosario Cu\u00e1quero Digital y el Proyecto de Capacitaci\u00f3n en Servicios Biling\u00fces.\t\t\t\t\t<\/div>\n\t\t\t\t\n\t\t\t\t\t\t\t\t\t<div class=\"raven-cta__button-wrapper raven-cta__content-item elementor-content-item \">\n\t\t\t\t\t<span class=\"raven-cta__button elementor-button \">\n\t\t\t\t\t\tVER PLAN\t\t\t\t\t<\/span>\n\t\t\t\t\t<\/div>\n\t\t\t\t\n\t\t\t\t\t\t\t<\/div>\n\t\t\t\t<\/a>\n\t\t\t\t\t\t<\/div>\n\t\t\t\t<\/div>\n\t\t\t\t<\/div>\n\t\t<div class=\"elementor-element elementor-element-43db7a4f e-con-full e-flex e-con e-child\" data-id=\"43db7a4f\" data-element_type=\"container\" data-e-type=\"container\">\n\t\t\t\t<div class=\"elementor-element elementor-element-553c1d49 raven-bg-transform raven-bg-transform-move-up raven-cta--skin-classic elementor-widget elementor-widget-raven-call-to-action\" data-id=\"553c1d49\" data-element_type=\"widget\" data-e-type=\"widget\" data-widget_type=\"raven-call-to-action.default\">\n\t\t\t\t<div class=\"elementor-widget-container\">\n\t\t\t\t\t<a  class=\"raven-cta\" href=\"\/wp-content\/uploads\/2025\/10\/FWCC_GlossaryProjectSummary_English_2024.pdf\">\n\t\t\t\t\t<div class=\"raven-cta__bg-wrapper\">\n\t\t\t\t<div class=\"raven-cta__bg raven-bg\" style=\"background-image: url(https:\/\/fwccamericas.org\/wp-content\/uploads\/2025\/10\/group-discussion.jpg);\"><\/div>\n\t\t\t\t<div class=\"raven-cta__bg-overlay\"><\/div>\n\t\t\t<\/div>\n\t\t\t\t\t\t\t\t\t\t<div class=\"raven-cta__content\">\n\t\t\t\t\n\t\t\t\t<h3 class=\"raven-cta__title raven-cta__content-item elementor-content-item\">Resumen del Proyecto<\/h3>\n\t\t\t\t\t\t\t\t\t<div class=\"raven-cta__description raven-cta__content-item elementor-content-item\">\n\t\t\t\t\t\tDescargue una actualizaci\u00f3n sobre el Proyecto del Glosario Cu\u00e1quero Digital.\t\t\t\t\t<\/div>\n\t\t\t\t\n\t\t\t\t\t\t\t\t\t<div class=\"raven-cta__button-wrapper raven-cta__content-item elementor-content-item \">\n\t\t\t\t\t<span class=\"raven-cta__button elementor-button \">\n\t\t\t\t\t\tDESCARGAR ACTUALIZACI\u00d3N\t\t\t\t\t<\/span>\n\t\t\t\t\t<\/div>\n\t\t\t\t\n\t\t\t\t\t\t\t<\/div>\n\t\t\t\t<\/a>\n\t\t\t\t\t\t<\/div>\n\t\t\t\t<\/div>\n\t\t\t\t<\/div>\n\t\t\t\t<\/div>\n\t\t\t\t<\/div>\n\t\t\t\t\t<\/div>\n\t\t\t\t<\/div>\n\t\t\t\t<\/div>\n\t\t","protected":false},"excerpt":{"rendered":"<p>Glosario Cu\u00e1quero Digital Cu\u00e1queros Alrededor del Mundo Los Cu\u00e1queros hablan mas de 70 idiomas en 85 pa\u00edses en todo el mundo. Por m\u00e1s de 40 a\u00f1os, el Comit\u00e9 Mundial de Consulta de los Amigos, Secci\u00f3n de las Am\u00e9ricas (CMCA) se ha dedicado a llevar a cabo sus asuntos de forma bilingue Espa\u00f1ol-Ingl\u00e9s. Esta larga tradic\u00f3n [&hellip;]<\/p>\n","protected":false},"author":1,"featured_media":0,"parent":0,"menu_order":0,"comment_status":"closed","ping_status":"closed","template":"elementor_header_footer","meta":{"footnotes":""},"class_list":["post-1285","page","type-page","status-publish","hentry"],"aioseo_notices":[],"_links":{"self":[{"href":"https:\/\/fwccamericas.org\/es\/wp-json\/wp\/v2\/pages\/1285","targetHints":{"allow":["GET"]}}],"collection":[{"href":"https:\/\/fwccamericas.org\/es\/wp-json\/wp\/v2\/pages"}],"about":[{"href":"https:\/\/fwccamericas.org\/es\/wp-json\/wp\/v2\/types\/page"}],"author":[{"embeddable":true,"href":"https:\/\/fwccamericas.org\/es\/wp-json\/wp\/v2\/users\/1"}],"replies":[{"embeddable":true,"href":"https:\/\/fwccamericas.org\/es\/wp-json\/wp\/v2\/comments?post=1285"}],"version-history":[{"count":10,"href":"https:\/\/fwccamericas.org\/es\/wp-json\/wp\/v2\/pages\/1285\/revisions"}],"predecessor-version":[{"id":4438,"href":"https:\/\/fwccamericas.org\/es\/wp-json\/wp\/v2\/pages\/1285\/revisions\/4438"}],"wp:attachment":[{"href":"https:\/\/fwccamericas.org\/es\/wp-json\/wp\/v2\/media?parent=1285"}],"curies":[{"name":"wp","href":"https:\/\/api.w.org\/{rel}","templated":true}]}}