{"id":1246,"date":"2025-10-06T23:29:34","date_gmt":"2025-10-07T06:29:34","guid":{"rendered":"https:\/\/fwccamericas.org\/empleos\/"},"modified":"2025-12-15T05:29:09","modified_gmt":"2025-12-15T05:29:09","slug":"empleos","status":"publish","type":"page","link":"https:\/\/fwccamericas.org\/es\/empleos","title":{"rendered":"Empleos"},"content":{"rendered":"\t\t<div data-elementor-type=\"wp-page\" data-elementor-id=\"1246\" class=\"elementor elementor-1246 elementor-412\">\n\t\t\t\t<div class=\"elementor-element elementor-element-a1eefdf e-flex e-con-boxed e-con e-parent\" data-id=\"a1eefdf\" data-element_type=\"container\" data-e-type=\"container\">\n\t\t\t\t\t<div class=\"e-con-inner\">\n\t\t<div class=\"elementor-element elementor-element-2ba7a76 e-con-full e-flex e-con e-child\" data-id=\"2ba7a76\" data-element_type=\"container\" data-e-type=\"container\">\n\t\t<div class=\"elementor-element elementor-element-b6158d2 e-con-full e-flex e-con e-child\" data-id=\"b6158d2\" data-element_type=\"container\" data-e-type=\"container\">\n\t\t\t\t<div class=\"elementor-element elementor-element-a96f3e6 elementor-invisible elementor-widget elementor-widget-heading\" data-id=\"a96f3e6\" data-element_type=\"widget\" data-e-type=\"widget\" data-settings=\"{&quot;_animation&quot;:&quot;fadeInLeft&quot;}\" data-widget_type=\"heading.default\">\n\t\t\t\t\t<h1 class=\"elementor-heading-title elementor-size-default\">Empleos<\/h1>\t\t\t\t<\/div>\n\t\t\t\t<\/div>\n\t\t<div class=\"elementor-element elementor-element-0ee58c2 e-con-full e-flex e-con e-child\" data-id=\"0ee58c2\" data-element_type=\"container\" data-e-type=\"container\">\n\t\t\t\t<div class=\"elementor-element elementor-element-3f8fd93 elementor-widget elementor-widget-image\" data-id=\"3f8fd93\" data-element_type=\"widget\" data-e-type=\"widget\" data-widget_type=\"image.default\">\n\t\t\t\t\t\t\t\t\t\t\t\t\t\t\t<img fetchpriority=\"high\" decoding=\"async\" width=\"1000\" height=\"347\" src=\"https:\/\/fwccamericas.org\/wp-content\/uploads\/2025\/10\/jobs-reduced.jpg\" class=\"attachment-large size-large wp-image-1242\" alt=\"A large group of Friends at a meeting\" srcset=\"https:\/\/fwccamericas.org\/wp-content\/uploads\/2025\/10\/jobs-reduced.jpg 1000w, https:\/\/fwccamericas.org\/wp-content\/uploads\/2025\/10\/jobs-reduced-300x104.jpg 300w, https:\/\/fwccamericas.org\/wp-content\/uploads\/2025\/10\/jobs-reduced-768x266.jpg 768w\" sizes=\"(max-width: 1000px) 100vw, 1000px\" \/>\t\t\t\t\t\t\t\t\t\t\t\t\t\t\t<\/div>\n\t\t\t\t<\/div>\n\t\t\t\t<\/div>\n\t\t<div class=\"elementor-element elementor-element-dc31f4a e-con-full e-flex e-con e-child\" data-id=\"dc31f4a\" data-element_type=\"container\" data-e-type=\"container\">\n\t\t<div class=\"elementor-element elementor-element-4265347 e-con-full elementor-hidden-tablet elementor-hidden-mobile e-flex e-con e-child\" data-id=\"4265347\" data-element_type=\"container\" data-e-type=\"container\">\n\t\t\t\t<\/div>\n\t\t<div class=\"elementor-element elementor-element-73c9f63 e-con-full e-flex e-con e-child\" data-id=\"73c9f63\" data-element_type=\"container\" data-e-type=\"container\" data-settings=\"{&quot;background_background&quot;:&quot;classic&quot;}\">\n\t\t\t\t<div class=\"elementor-element elementor-element-cbb2d5e elementor-widget elementor-widget-heading\" data-id=\"cbb2d5e\" data-element_type=\"widget\" data-e-type=\"widget\" data-widget_type=\"heading.default\">\n\t\t\t\t\t<h2 class=\"elementor-heading-title elementor-size-default\">Oportunidades de Empleo Actuales\u200b<\/h2>\t\t\t\t<\/div>\n\t\t\t\t<div class=\"elementor-element elementor-element-e7469ca elementor-widget elementor-widget-text-editor\" data-id=\"e7469ca\" data-element_type=\"widget\" data-e-type=\"widget\" data-widget_type=\"text-editor.default\">\n\t\t\t\t\t\t\t\t\t<p>No tenemos vacantes en este momento. Guarda esta p\u00e1gina en tus marcadores y s\u00edguenos en las redes sociales para ver las \u00faltimas publicaciones.<\/p>\t\t\t\t\t\t\t\t<\/div>\n\t\t<div class=\"elementor-element elementor-element-fffb27a e-con-full e-flex e-con e-child\" data-id=\"fffb27a\" data-element_type=\"container\" data-e-type=\"container\">\n\t\t<div class=\"elementor-element elementor-element-d04155c e-con-full elementor-hidden-mobile e-flex e-con e-child\" data-id=\"d04155c\" data-element_type=\"container\" data-e-type=\"container\">\n\t\t\t\t<\/div>\n\t\t<div class=\"elementor-element elementor-element-064bc1f e-con-full e-flex e-con e-child\" data-id=\"064bc1f\" data-element_type=\"container\" data-e-type=\"container\">\n\t\t\t\t<div class=\"elementor-element elementor-element-9202543 elementor-widget elementor-widget-image\" data-id=\"9202543\" data-element_type=\"widget\" data-e-type=\"widget\" data-widget_type=\"image.default\">\n\t\t\t\t\t\t\t\t\t\t\t\t\t\t\t\t<a href=\"https:\/\/www.facebook.com\/fwccamericas\/\" target=\"_blank\">\n\t\t\t\t\t\t\t<img decoding=\"async\" width=\"217\" height=\"218\" src=\"https:\/\/fwccamericas.org\/wp-content\/uploads\/2025\/10\/f_logo_RGB-White_100.png\" class=\"attachment-large size-large wp-image-1243\" alt=\"Facebook logo\" srcset=\"https:\/\/fwccamericas.org\/wp-content\/uploads\/2025\/10\/f_logo_RGB-White_100.png 217w, https:\/\/fwccamericas.org\/wp-content\/uploads\/2025\/10\/f_logo_RGB-White_100-150x150.png 150w\" sizes=\"(max-width: 217px) 100vw, 217px\" \/>\t\t\t\t\t\t\t\t<\/a>\n\t\t\t\t\t\t\t\t\t\t\t\t\t\t\t<\/div>\n\t\t\t\t<\/div>\n\t\t<div class=\"elementor-element elementor-element-391df91 e-con-full e-flex e-con e-child\" data-id=\"391df91\" data-element_type=\"container\" data-e-type=\"container\">\n\t\t\t\t<div class=\"elementor-element elementor-element-876a532 elementor-widget elementor-widget-image\" data-id=\"876a532\" data-element_type=\"widget\" data-e-type=\"widget\" data-widget_type=\"image.default\">\n\t\t\t\t\t\t\t\t\t\t\t\t\t\t\t\t<a href=\"https:\/\/www.instagram.com\/fwccamericas\/\" target=\"_blank\">\n\t\t\t\t\t\t\t<img decoding=\"async\" width=\"1024\" height=\"1024\" src=\"https:\/\/fwccamericas.org\/wp-content\/uploads\/2025\/10\/Instagram_Glyph_White-1024x1024.png\" class=\"attachment-large size-large wp-image-1244\" alt=\"Instagram logo\" srcset=\"https:\/\/fwccamericas.org\/wp-content\/uploads\/2025\/10\/Instagram_Glyph_White-1024x1024.png 1024w, https:\/\/fwccamericas.org\/wp-content\/uploads\/2025\/10\/Instagram_Glyph_White-300x300.png 300w, https:\/\/fwccamericas.org\/wp-content\/uploads\/2025\/10\/Instagram_Glyph_White-150x150.png 150w, https:\/\/fwccamericas.org\/wp-content\/uploads\/2025\/10\/Instagram_Glyph_White-768x768.png 768w, https:\/\/fwccamericas.org\/wp-content\/uploads\/2025\/10\/Instagram_Glyph_White-1536x1536.png 1536w, https:\/\/fwccamericas.org\/wp-content\/uploads\/2025\/10\/Instagram_Glyph_White-2048x2048.png 2048w, https:\/\/fwccamericas.org\/wp-content\/uploads\/2025\/10\/Instagram_Glyph_White-500x500.png 500w\" sizes=\"(max-width: 1024px) 100vw, 1024px\" \/>\t\t\t\t\t\t\t\t<\/a>\n\t\t\t\t\t\t\t\t\t\t\t\t\t\t\t<\/div>\n\t\t\t\t<\/div>\n\t\t<div class=\"elementor-element elementor-element-9d28fe8 e-con-full elementor-hidden-mobile e-flex e-con e-child\" data-id=\"9d28fe8\" data-element_type=\"container\" data-e-type=\"container\">\n\t\t\t\t<\/div>\n\t\t\t\t<\/div>\n\t\t\t\t<\/div>\n\t\t<div class=\"elementor-element elementor-element-f03b2da e-con-full elementor-hidden-tablet elementor-hidden-mobile e-flex e-con e-child\" data-id=\"f03b2da\" data-element_type=\"container\" data-e-type=\"container\">\n\t\t\t\t<\/div>\n\t\t\t\t<\/div>\n\t\t\t\t\t<\/div>\n\t\t\t\t<\/div>\n\t\t<div class=\"elementor-element elementor-element-5ed0ba58 e-flex e-con-boxed e-con e-parent\" data-id=\"5ed0ba58\" data-element_type=\"container\" data-e-type=\"container\">\n\t\t\t\t\t<div class=\"e-con-inner\">\n\t\t<div class=\"elementor-element elementor-element-55f7d7 e-con-full e-flex e-con e-child\" data-id=\"55f7d7\" data-element_type=\"container\" data-e-type=\"container\">\n\t\t\t\t<div class=\"elementor-element elementor-element-cb4547c elementor-widget elementor-widget-heading\" data-id=\"cb4547c\" data-element_type=\"widget\" data-e-type=\"widget\" data-widget_type=\"heading.default\">\n\t\t\t\t\t<h2 class=\"elementor-heading-title elementor-size-default\">Recursos Adicionales<\/h2>\t\t\t\t<\/div>\n\t\t<div class=\"elementor-element elementor-element-24f4d9cc e-con-full e-flex e-con e-child\" data-id=\"24f4d9cc\" data-element_type=\"container\" data-e-type=\"container\">\n\t\t<div class=\"elementor-element elementor-element-23d43240 e-con-full e-flex e-con e-child\" data-id=\"23d43240\" data-element_type=\"container\" data-e-type=\"container\">\n\t\t\t\t<div class=\"elementor-element elementor-element-3a34160a raven-cta--skin-classic raven-bg-transform raven-bg-transform-zoom-in elementor-widget elementor-widget-raven-call-to-action\" data-id=\"3a34160a\" data-element_type=\"widget\" data-e-type=\"widget\" data-widget_type=\"raven-call-to-action.default\">\n\t\t\t\t<div class=\"elementor-widget-container\">\n\t\t\t\t\t<a  class=\"raven-cta\" href=\"https:\/\/fwccamericas.org\/es\/liderazgo\">\n\t\t\t\t\t<div class=\"raven-cta__bg-wrapper\">\n\t\t\t\t<div class=\"raven-cta__bg raven-bg\" style=\"background-image: url(https:\/\/fwccamericas.org\/wp-content\/uploads\/2025\/10\/Exec-2025-reduced2.jpg);\"><\/div>\n\t\t\t\t<div class=\"raven-cta__bg-overlay\"><\/div>\n\t\t\t<\/div>\n\t\t\t\t\t\t\t\t\t\t<div class=\"raven-cta__content\">\n\t\t\t\t\n\t\t\t\t<h3 class=\"raven-cta__title raven-cta__content-item elementor-content-item\">Conozca a FWCC<\/h3>\n\t\t\t\t\t\t\t\t\t<div class=\"raven-cta__description raven-cta__content-item elementor-content-item\">\n\t\t\t\t\t\tDescubre el equipo de liderazgo del Comit\u00e9 Munidal de Amigos para la Consulta.\n\n\t\t\t\t\t<\/div>\n\t\t\t\t\n\t\t\t\t\t\t\t\t\t<div class=\"raven-cta__button-wrapper raven-cta__content-item elementor-content-item \">\n\t\t\t\t\t<span class=\"raven-cta__button elementor-button \">\n\t\t\t\t\t\tAPRENDE M\u00c1S\t\t\t\t\t<\/span>\n\t\t\t\t\t<\/div>\n\t\t\t\t\n\t\t\t\t\t\t\t<\/div>\n\t\t\t\t<\/a>\n\t\t\t\t\t\t<\/div>\n\t\t\t\t<\/div>\n\t\t\t\t<\/div>\n\t\t<div class=\"elementor-element elementor-element-523f6edd e-con-full e-flex e-con e-child\" data-id=\"523f6edd\" data-element_type=\"container\" data-e-type=\"container\">\n\t\t\t\t<div class=\"elementor-element elementor-element-689e81c raven-cta--valign-middle raven-bg-transform raven-bg-transform-move-up raven-cta--skin-classic elementor-widget elementor-widget-raven-call-to-action\" data-id=\"689e81c\" data-element_type=\"widget\" data-e-type=\"widget\" data-widget_type=\"raven-call-to-action.default\">\n\t\t\t\t<div class=\"elementor-widget-container\">\n\t\t\t\t\t<a  class=\"raven-cta\" href=\"https:\/\/fwccamericas.org\/es\/noticias\">\n\t\t\t\t\t<div class=\"raven-cta__bg-wrapper\">\n\t\t\t\t<div class=\"raven-cta__bg raven-bg\" style=\"background-image: url(https:\/\/fwccamericas.org\/wp-content\/uploads\/2025\/09\/quicklink_traveling-ministry-corps.jpg);\"><\/div>\n\t\t\t\t<div class=\"raven-cta__bg-overlay\"><\/div>\n\t\t\t<\/div>\n\t\t\t\t\t\t\t\t\t\t<div class=\"raven-cta__content\">\n\t\t\t\t\n\t\t\t\t<h3 class=\"raven-cta__title raven-cta__content-item elementor-content-item\">Noticias de los Amigos<\/h3>\n\t\t\t\t\t\t\t\t\t<div class=\"raven-cta__description raven-cta__content-item elementor-content-item\">\n\t\t\t\t\t\t\u00bfBuscas m\u00e1s informaci\u00f3n? Lee noticias pasadas y aseg\u00farate de suscribirte para recibir noticias actualizadas sobre los Amigos.\t\t\t\t\t<\/div>\n\t\t\t\t\n\t\t\t\t\t\t\t\t\t<div class=\"raven-cta__button-wrapper raven-cta__content-item elementor-content-item \">\n\t\t\t\t\t<span class=\"raven-cta__button elementor-button \">\n\t\t\t\t\t\tLEE LAS NOTICIAS\t\t\t\t\t<\/span>\n\t\t\t\t\t<\/div>\n\t\t\t\t\n\t\t\t\t\t\t\t<\/div>\n\t\t\t\t<\/a>\n\t\t\t\t\t\t<\/div>\n\t\t\t\t<\/div>\n\t\t\t\t<\/div>\n\t\t<div class=\"elementor-element elementor-element-11982490 e-con-full e-flex e-con e-child\" data-id=\"11982490\" data-element_type=\"container\" data-e-type=\"container\">\n\t\t\t\t<div class=\"elementor-element elementor-element-6a33325b raven-bg-transform raven-bg-transform-move-down raven-cta--skin-classic elementor-widget elementor-widget-raven-call-to-action\" data-id=\"6a33325b\" data-element_type=\"widget\" data-e-type=\"widget\" data-widget_type=\"raven-call-to-action.default\">\n\t\t\t\t<div class=\"elementor-widget-container\">\n\t\t\t\t\t<a  class=\"raven-cta\" href=\"https:\/\/fwccamericas.org\/es\/noticias\">\n\t\t\t\t\t<div class=\"raven-cta__bg-wrapper\">\n\t\t\t\t<div class=\"raven-cta__bg raven-bg\" style=\"background-image: url(https:\/\/fwccamericas.org\/wp-content\/uploads\/2025\/09\/explore-quakerism-1024x411.jpg);\"><\/div>\n\t\t\t\t<div class=\"raven-cta__bg-overlay\"><\/div>\n\t\t\t<\/div>\n\t\t\t\t\t\t\t\t\t\t<div class=\"raven-cta__content\">\n\t\t\t\t\n\t\t\t\t<h3 class=\"raven-cta__title raven-cta__content-item elementor-content-item\">Explora el Cu\u00e1querismo<\/h3>\n\t\t\t\t\t\t\t\t\t<div class=\"raven-cta__description raven-cta__content-item elementor-content-item\">\n\t\t\t\t\t\tObtenga m\u00e1s informaci\u00f3n sobre qui\u00e9nes son los Amigos y qu\u00e9 creemos.\t\t\t\t\t<\/div>\n\t\t\t\t\n\t\t\t\t\t\t\t\t\t<div class=\"raven-cta__button-wrapper raven-cta__content-item elementor-content-item \">\n\t\t\t\t\t<span class=\"raven-cta__button elementor-button \">\n\t\t\t\t\t\tAPRENDE M\u00c1S\t\t\t\t\t<\/span>\n\t\t\t\t\t<\/div>\n\t\t\t\t\n\t\t\t\t\t\t\t<\/div>\n\t\t\t\t<\/a>\n\t\t\t\t\t\t<\/div>\n\t\t\t\t<\/div>\n\t\t\t\t<\/div>\n\t\t\t\t<\/div>\n\t\t\t\t<\/div>\n\t\t\t\t\t<\/div>\n\t\t\t\t<\/div>\n\t\t\t\t<\/div>\n\t\t","protected":false},"excerpt":{"rendered":"<p>Empleos Oportunidades de Empleo Actuales\u200b No tenemos vacantes en este momento. Guarda esta p\u00e1gina en tus marcadores y s\u00edguenos en las redes sociales para ver las \u00faltimas publicaciones. Recursos Adicionales Conozca a FWCC Descubre el equipo de liderazgo del Comit\u00e9 Munidal de Amigos para la Consulta. APRENDE M\u00c1S Noticias de los Amigos \u00bfBuscas m\u00e1s informaci\u00f3n? [&hellip;]<\/p>\n","protected":false},"author":1,"featured_media":0,"parent":0,"menu_order":0,"comment_status":"closed","ping_status":"closed","template":"elementor_header_footer","meta":{"footnotes":""},"class_list":["post-1246","page","type-page","status-publish","hentry"],"aioseo_notices":[],"_links":{"self":[{"href":"https:\/\/fwccamericas.org\/es\/wp-json\/wp\/v2\/pages\/1246","targetHints":{"allow":["GET"]}}],"collection":[{"href":"https:\/\/fwccamericas.org\/es\/wp-json\/wp\/v2\/pages"}],"about":[{"href":"https:\/\/fwccamericas.org\/es\/wp-json\/wp\/v2\/types\/page"}],"author":[{"embeddable":true,"href":"https:\/\/fwccamericas.org\/es\/wp-json\/wp\/v2\/users\/1"}],"replies":[{"embeddable":true,"href":"https:\/\/fwccamericas.org\/es\/wp-json\/wp\/v2\/comments?post=1246"}],"version-history":[{"count":7,"href":"https:\/\/fwccamericas.org\/es\/wp-json\/wp\/v2\/pages\/1246\/revisions"}],"predecessor-version":[{"id":3443,"href":"https:\/\/fwccamericas.org\/es\/wp-json\/wp\/v2\/pages\/1246\/revisions\/3443"}],"wp:attachment":[{"href":"https:\/\/fwccamericas.org\/es\/wp-json\/wp\/v2\/media?parent=1246"}],"curies":[{"name":"wp","href":"https:\/\/api.w.org\/{rel}","templated":true}]}}